{"id":708,"date":"2023-11-20T22:03:08","date_gmt":"2023-11-20T20:03:08","guid":{"rendered":"https:\/\/csantipa.ro\/new\/?page_id=708"},"modified":"2024-02-10T12:09:26","modified_gmt":"2024-02-10T10:09:26","slug":"g-d-p-r","status":"publish","type":"page","link":"https:\/\/csantipa.ro\/new\/g-d-p-r\/","title":{"rendered":"G.D.P.R."},"content":{"rendered":"\n<p>\u00cen data de 4 mai 2016 au fost publicate \u00een Jurnalul Oficial al Uniunii Europene cele dou\u0103 acte normative care compun pachetul legislativ privind protec\u021bia datelor cu caracter personal (G.D.P.R.) la nivelul Uniunii Europene:<\/p>\n\n\n\n<ul class=\"wp-block-list\">\n<li>Regulamentul (UE) 2016\/679 privind protec\u0163ia persoanelor fizice \u00een ceea ce prive\u015fte prelucrarea datelor cu caracter personal \u015fi privind libera circula\u0163ie a acestor date \u015fi de abrogare a Directivei 95\/46\/CE (Regulamentul general privind protec\u0163ia datelor),<\/li>\n\n\n\n<li>Directiva (UE) 2016\/680 referitoare la protec\u021bia datelor personale \u00een cadrul activit\u0103\u021bilor specifice desf\u0103\u0219urate de autorit\u0103\u021bile de aplicare a legii. <\/li>\n<\/ul>\n\n\n\n<p>Alte materiale informative destinate aplic\u0103rii Regulamentului General privind Protec\u021bia Datelor, emise de Autoritatea Na\u021bional\u0103 de Supraveghere a Prelucr\u0103rii Datelor cu Caracter Personal<\/p>\n\n\n\n<div data-wp-interactive=\"core\/file\" class=\"wp-block-file\"><object data-wp-bind--hidden=\"!state.hasPdfPreview\" hidden class=\"wp-block-file__embed\" data=\"https:\/\/csantipa.ro\/new\/wp-content\/uploads\/2024\/02\/protectia-datelor-gimnaziu.pdf\" type=\"application\/pdf\" style=\"width:100%;height:500px\" aria-label=\"\u00cenglobare pentru protectia-datelor-gimnaziu.\"><\/object><a id=\"wp-block-file--media-3cb2b2b5-71ae-43aa-ad8b-2e724542469f\" href=\"https:\/\/csantipa.ro\/new\/wp-content\/uploads\/2024\/02\/protectia-datelor-gimnaziu.pdf\" target=\"_blank\" rel=\"noreferrer noopener\">protectia-datelor-gimnaziu<\/a><a href=\"https:\/\/csantipa.ro\/new\/wp-content\/uploads\/2024\/02\/protectia-datelor-gimnaziu.pdf\" class=\"wp-block-file__button wp-element-button\" download aria-describedby=\"wp-block-file--media-3cb2b2b5-71ae-43aa-ad8b-2e724542469f\">Descarc\u0103<\/a><\/div>\n\n\n\n<p><\/p>\n\n\n\n<div data-wp-interactive=\"core\/file\" class=\"wp-block-file\"><object data-wp-bind--hidden=\"!state.hasPdfPreview\" hidden class=\"wp-block-file__embed\" data=\"https:\/\/csantipa.ro\/new\/wp-content\/uploads\/2024\/02\/protectia-datelor-liceu.pdf\" type=\"application\/pdf\" style=\"width:100%;height:500px\" aria-label=\"\u00cenglobare pentru protectia-datelor-liceu.\"><\/object><a id=\"wp-block-file--media-0487bead-882a-46c1-ba7d-68d8f03ea942\" href=\"https:\/\/csantipa.ro\/new\/wp-content\/uploads\/2024\/02\/protectia-datelor-liceu.pdf\" target=\"_blank\" rel=\"noreferrer noopener\">protectia-datelor-liceu<\/a><a href=\"https:\/\/csantipa.ro\/new\/wp-content\/uploads\/2024\/02\/protectia-datelor-liceu.pdf\" class=\"wp-block-file__button wp-element-button\" download aria-describedby=\"wp-block-file--media-0487bead-882a-46c1-ba7d-68d8f03ea942\">Descarc\u0103<\/a><\/div>\n\n\n\n<p><\/p>\n\n\n\n<p><\/p>\n","protected":false},"excerpt":{"rendered":"<p>\u00cen data de 4 mai 2016 au fost publicate \u00een Jurnalul Oficial al Uniunii Europene cele dou\u0103 acte normative care compun pachetul legislativ privind protec\u021bia datelor cu caracter personal (G.D.P.R.) la nivelul Uniunii Europene: Alte materiale informative destinate aplic\u0103rii Regulamentului <a href=\"https:\/\/csantipa.ro\/new\/g-d-p-r\/\" class=\"read-more\">Read More &#8230;<\/a><\/p>\n","protected":false},"author":1,"featured_media":0,"parent":0,"menu_order":0,"comment_status":"closed","ping_status":"closed","template":"","meta":{"footnotes":""},"class_list":["post-708","page","type-page","status-publish","hentry"],"_links":{"self":[{"href":"https:\/\/csantipa.ro\/new\/wp-json\/wp\/v2\/pages\/708","targetHints":{"allow":["GET"]}}],"collection":[{"href":"https:\/\/csantipa.ro\/new\/wp-json\/wp\/v2\/pages"}],"about":[{"href":"https:\/\/csantipa.ro\/new\/wp-json\/wp\/v2\/types\/page"}],"author":[{"embeddable":true,"href":"https:\/\/csantipa.ro\/new\/wp-json\/wp\/v2\/users\/1"}],"replies":[{"embeddable":true,"href":"https:\/\/csantipa.ro\/new\/wp-json\/wp\/v2\/comments?post=708"}],"version-history":[{"count":5,"href":"https:\/\/csantipa.ro\/new\/wp-json\/wp\/v2\/pages\/708\/revisions"}],"predecessor-version":[{"id":747,"href":"https:\/\/csantipa.ro\/new\/wp-json\/wp\/v2\/pages\/708\/revisions\/747"}],"wp:attachment":[{"href":"https:\/\/csantipa.ro\/new\/wp-json\/wp\/v2\/media?parent=708"}],"curies":[{"name":"wp","href":"https:\/\/api.w.org\/{rel}","templated":true}]}}