{"id":701,"date":"2023-11-20T22:01:13","date_gmt":"2023-11-20T20:01:13","guid":{"rendered":"https:\/\/csantipa.ro\/new\/?page_id=701"},"modified":"2025-10-08T14:22:42","modified_gmt":"2025-10-08T12:22:42","slug":"r-o-f","status":"publish","type":"page","link":"https:\/\/csantipa.ro\/new\/r-o-f\/","title":{"rendered":"R.O.F."},"content":{"rendered":"\n<p>Regulamentul de organizare \u0219i func\u021bionare (ROF) al Colegiului de \u0218tiin\u021be \u201eGrigore Antipa\u201d reglementeaz\u0103 organizarea \u0219i func\u021bionarea unit\u0103\u021bii de \u00eenv\u0103\u021b\u0103m\u00e2nt preuniversitar, \u00een conformitate cu prevederile legisla\u021biei \u00een vigoare \u0219i ale regulamentului intern<\/p>\n\n\n\n<p>Prezentul regulament con\u021bine reglement\u0103ri cu caracter general, precum \u0219i reglement\u0103ri specifice privind desf\u0103\u0219urarea activit\u0103\u021bilor instructiv-educative cu caracter \u0219colar \u0219i extra\u0219colar , a activit\u0103\u021bilor de natur\u0103 administrativ\u0103, reguli si norme de conduit\u0103 necesare pentru buna desf\u0103\u0219urare a activit\u0103\u021bii \u00een cadrul Colegiului de \u0218tiin\u021be \u201cGrigore Antipa\u201d<\/p>\n\n\n\n<div data-wp-interactive=\"core\/file\" class=\"wp-block-file\"><object data-wp-bind--hidden=\"!state.hasPdfPreview\" hidden class=\"wp-block-file__embed\" data=\"https:\/\/csantipa.ro\/new\/wp-content\/uploads\/2025\/10\/ROF-2025.pdf\" type=\"application\/pdf\" style=\"width:100%;height:600px\" aria-label=\"\u00cenglobare pentru ROF-2025.\"><\/object><a id=\"wp-block-file--media-357147bb-0390-49ee-842c-6a1df9894691\" href=\"https:\/\/csantipa.ro\/new\/wp-content\/uploads\/2025\/10\/ROF-2025.pdf\">ROF-2025<\/a><a href=\"https:\/\/csantipa.ro\/new\/wp-content\/uploads\/2025\/10\/ROF-2025.pdf\" class=\"wp-block-file__button wp-element-button\" download aria-describedby=\"wp-block-file--media-357147bb-0390-49ee-842c-6a1df9894691\">Descarc\u0103<\/a><\/div>\n\n\n\n<p><\/p>\n","protected":false},"excerpt":{"rendered":"<p>Regulamentul de organizare \u0219i func\u021bionare (ROF) al Colegiului de \u0218tiin\u021be \u201eGrigore Antipa\u201d reglementeaz\u0103 organizarea \u0219i func\u021bionarea unit\u0103\u021bii de \u00eenv\u0103\u021b\u0103m\u00e2nt preuniversitar, \u00een conformitate cu prevederile legisla\u021biei \u00een vigoare \u0219i ale regulamentului intern Prezentul regulament con\u021bine reglement\u0103ri cu caracter general, precum \u0219i <a href=\"https:\/\/csantipa.ro\/new\/r-o-f\/\" class=\"read-more\">Read More &#8230;<\/a><\/p>\n","protected":false},"author":1,"featured_media":0,"parent":0,"menu_order":0,"comment_status":"closed","ping_status":"closed","template":"","meta":{"footnotes":""},"class_list":["post-701","page","type-page","status-publish","hentry"],"_links":{"self":[{"href":"https:\/\/csantipa.ro\/new\/wp-json\/wp\/v2\/pages\/701","targetHints":{"allow":["GET"]}}],"collection":[{"href":"https:\/\/csantipa.ro\/new\/wp-json\/wp\/v2\/pages"}],"about":[{"href":"https:\/\/csantipa.ro\/new\/wp-json\/wp\/v2\/types\/page"}],"author":[{"embeddable":true,"href":"https:\/\/csantipa.ro\/new\/wp-json\/wp\/v2\/users\/1"}],"replies":[{"embeddable":true,"href":"https:\/\/csantipa.ro\/new\/wp-json\/wp\/v2\/comments?post=701"}],"version-history":[{"count":3,"href":"https:\/\/csantipa.ro\/new\/wp-json\/wp\/v2\/pages\/701\/revisions"}],"predecessor-version":[{"id":1146,"href":"https:\/\/csantipa.ro\/new\/wp-json\/wp\/v2\/pages\/701\/revisions\/1146"}],"wp:attachment":[{"href":"https:\/\/csantipa.ro\/new\/wp-json\/wp\/v2\/media?parent=701"}],"curies":[{"name":"wp","href":"https:\/\/api.w.org\/{rel}","templated":true}]}}