{"id":463,"date":"2023-09-08T15:07:40","date_gmt":"2023-09-08T13:07:40","guid":{"rendered":"https:\/\/csantipa.ro\/new\/?page_id=463"},"modified":"2024-09-06T18:52:01","modified_gmt":"2024-09-06T16:52:01","slug":"transport-elevi","status":"publish","type":"page","link":"https:\/\/csantipa.ro\/new\/transport-elevi\/","title":{"rendered":"Transport elevi"},"content":{"rendered":"\n<p><strong>Rezumat facilit\u0103\u021bi de transport pentru elevi an \u0219colar 2024-2025<\/strong><\/p>\n\n\n\n<ul class=\"wp-block-list\">\n<li>Elevii beneficiaz\u0103 de gratuitate pentru transportul feroviar intern la toate categoriile de trenuri, clasa a II-a, pe tot parcursul anului \u0219colar (carnet de elev\/vizat an \u0219colar 2024-2025)<\/li>\n<\/ul>\n\n\n\n<ul class=\"wp-block-list\">\n<li>Elevii beneficeaz\u0103 de acordare gratuitate la transportul public rutier local \u0219i metropolitan rutier, transport public rutier jude\u021bean \u0219i interjude\u021bean pentru elevi, dup\u0103 cum urmeaz\u0103:<\/li>\n<\/ul>\n\n\n\n<ul class=\"wp-block-list\">\n<li>\u00cen cazul transportului public <strong>local\/metropolitan<\/strong> , titlul de c\u0103l\u0103torie gratuit pentru elevi se elibereaz\u0103 nominal ,de c\u0103tre operatorul de transport pe baza confirm\u0103rii calita\u021bii de elev , realizat\u0103 prin prezentarea carnetului de elev vizat pe anul \u0219colar \u00een curs sau pe baza adeverin\u021bei de elev emis\u0103 de unitatea de \u00eenv\u0103\u021b\u0103m\u00e2nt.&nbsp;<strong><\/strong><\/li>\n<\/ul>\n\n\n\n<ul class=\"wp-block-list\">\n<li>\u00cen cazul transportului public <strong>jude\u021bean \/ interjude\u021bean<\/strong> , p\u0103rintele\/ reprezentantul legal sau elevul major va depune la \u0219coal\u0103 o cerere-tip ,&nbsp;\u00eenso\u021bit\u0103 de documentele men\u021bionate \u00een ea.<strong><\/strong><\/li>\n\n\n\n<li>(1) \u00cen fiecare an, p\u00e2n\u0103 la data \u00eenceperii cursurilor anului \u0219colar, consiliile jude\u021bene transmit ISJ\/ISMB lista operatorilor de transport public jude\u021bean \u0219i rutele pe care ace\u0219tia opereaz\u0103. (2) ISJ transmit c\u0103tre toate unit\u0103\u021bile de \u00eenv\u0103\u021b\u0103m\u00e2nt din jude\u021b lista prev\u0103zut\u0103 la alin (1).<strong><\/strong><\/li>\n\n\n\n<li>Pot depune solicit\u0103ri elevii sau reprezentan\u021bii legali ai acestora doar <strong><u>DAC\u0102 NU EXIST\u0102 ASIGURAT<\/u><\/strong> transport public local, inclusiv metropolitan, \u00eentre localitatea de domiciliu \u0219i localitatea \u00een care se afl\u0103 unitatea de \u00eenv\u0103\u021b\u0103m\u00e2nt.<\/li>\n\n\n\n<li>Adresa de domiciliu de la care se deplaseaz\u0103 zilnic c\u0103tre unitatea de \u00eenv\u0103\u021b\u0103m\u00e2nt <strong><u>TREBUIE S\u0102<\/u><\/strong> <strong><u>COINCID\u0102<\/u><\/strong> cu adresa cu care elevul este \u00eenregistrat \u00een Sistemul informatic integrat al \u00eenv\u0103\u021b\u0103m\u00e2ntului din Rom\u00e2nia<\/li>\n<\/ul>\n\n\n\n<ul class=\"wp-block-list\">\n<li>Asigurarea <strong>sumei forfetare<\/strong> \u2013 conf.art.4, (1) pentru elevii care nu pot fi \u015fcolariza\u0163i \u00een satul, comuna, ora\u015ful sau municipiul de domiciliu \u015fi nu beneficiaz\u0103 de existen\u0163a serviciilor de transport public, serviciu de transport, de transport de tip curse \u015fcolare\u2026 ace\u015ftia beneficiaz\u0103, pe durata cursurilor \u015fcolare, de o sum\u0103 forfetar\u0103 lunar\u0103.<strong><\/strong><\/li>\n\n\n\n<li>Suma forfetar\u0103 de care beneficiaz\u0103 fiecare elev se stabile\u015fte pe baza valorii unitare lei\/kilometru \u00eenmul\u0163it\u0103 cu num\u0103rul de kilometri parcur\u015fi zilnic \u00eentre domiciliu\/re\u015fedin\u0163\u0103 \u015fi unitatea de \u00eenv\u0103\u0163\u0103m\u00e2nt \u015fi num\u0103rul de zile de cursuri din luna de analiz\u0103.<strong><\/strong><\/li>\n\n\n\n<li>\u00een anul 2023, consiliile jude\u021bene adopt\u0103 hot\u0103r\u00e2ri prin care stabilesc valoarea unitar\u0103 lei\/kilometru aferent\u0103 sumei forfetare, cu avizul conform al ANRSC, p\u00e2n\u0103 la 15 noiembrie.<strong><\/strong><\/li>\n<\/ul>\n\n\n\n<p>Legisla\u021bie:<\/p>\n\n\n\n<ul class=\"wp-block-list\">\n<li><a href=\"https:\/\/csantipa.ro\/new\/wp-content\/uploads\/2023\/10\/HG-810-2023-transportul-elevilor.pdf\">Metodologie transport elevi (HG 810\/2023)<\/a><\/li>\n\n\n\n<li class=\"text_verde\"><a href=\"https:\/\/csantipa.ro\/new\/wp-content\/uploads\/2024\/09\/Adresa-lista-operatori-transport-public-judetean_-08-2024.pdf\" target=\"_blank\" rel=\"noreferrer noopener\">Lista operatorilor de transport public jude\u021bean din jude\u021bul Bra\u0219ov <\/a>(oct 2024)<\/li>\n\n\n\n<li><a href=\"https:\/\/csantipa.ro\/new\/wp-content\/uploads\/2023\/10\/Cerere_suma_forfetara.pdf\">Cerere de acordare a sumei forfetare pentru transport public<\/a> (2023)<\/li>\n\n\n\n<li><a href=\"https:\/\/csantipa.ro\/new\/wp-content\/uploads\/2023\/10\/Cerere_transport_camin.pdf\">Cerere pentru decontarea biletelor de transport pentru elevii care locuiesc la internat\/gazd\u0103<\/a> (2023)<\/li>\n\n\n\n<li class=\"text_verde\"><a href=\"https:\/\/csantipa.ro\/new\/wp-content\/uploads\/2024\/09\/Cerere_transport_judetean-interjudetean-2024.pdf\" target=\"_blank\" rel=\"noreferrer noopener\">Cerere pentru acordarea gratuit\u0103\u021bii la transportul public rutier jude\u021bean \u0219i interjude\u021bean <\/a>(2024)<\/li>\n<\/ul>\n\n\n\n<p><\/p>\n\n\n\n<p><\/p>\n","protected":false},"excerpt":{"rendered":"<p>Rezumat facilit\u0103\u021bi de transport pentru elevi an \u0219colar 2024-2025 Legisla\u021bie:<\/p>\n","protected":false},"author":1,"featured_media":0,"parent":0,"menu_order":0,"comment_status":"closed","ping_status":"closed","template":"","meta":{"footnotes":""},"class_list":["post-463","page","type-page","status-publish","hentry"],"_links":{"self":[{"href":"https:\/\/csantipa.ro\/new\/wp-json\/wp\/v2\/pages\/463","targetHints":{"allow":["GET"]}}],"collection":[{"href":"https:\/\/csantipa.ro\/new\/wp-json\/wp\/v2\/pages"}],"about":[{"href":"https:\/\/csantipa.ro\/new\/wp-json\/wp\/v2\/types\/page"}],"author":[{"embeddable":true,"href":"https:\/\/csantipa.ro\/new\/wp-json\/wp\/v2\/users\/1"}],"replies":[{"embeddable":true,"href":"https:\/\/csantipa.ro\/new\/wp-json\/wp\/v2\/comments?post=463"}],"version-history":[{"count":7,"href":"https:\/\/csantipa.ro\/new\/wp-json\/wp\/v2\/pages\/463\/revisions"}],"predecessor-version":[{"id":948,"href":"https:\/\/csantipa.ro\/new\/wp-json\/wp\/v2\/pages\/463\/revisions\/948"}],"wp:attachment":[{"href":"https:\/\/csantipa.ro\/new\/wp-json\/wp\/v2\/media?parent=463"}],"curies":[{"name":"wp","href":"https:\/\/api.w.org\/{rel}","templated":true}]}}