{"id":460,"date":"2023-09-08T15:07:40","date_gmt":"2023-09-08T13:07:40","guid":{"rendered":"https:\/\/csantipa.ro\/new\/?page_id=460"},"modified":"2024-05-15T08:51:15","modified_gmt":"2024-05-15T06:51:15","slug":"program-euro200","status":"publish","type":"page","link":"https:\/\/csantipa.ro\/new\/program-euro200\/","title":{"rendered":"Program EURO200"},"content":{"rendered":"\n<p>Ministerul Educa\u021biei deruleaz\u0103 Programul<strong>\u00a0\u201eEuro 200\u201d<\/strong>\u00a0\u00eencep\u00e2nd cu anul 2004, \u00een baza Legii nr. 269\/2004, obiectivele sale fiind\u00a0<strong>stimularea achizi\u021bion\u0103rii de computere prin acordarea unor ajutoare financiare stabilite pe criterii sociale<\/strong>, respectiv\u00a0<strong>dezvoltarea competen\u021belor de\u00a0utilizare a mijloacelor IT &amp; C<\/strong>.<\/p>\n\n\n\n<p>\u00cen anul 2023, prin Hot\u0103r\u00e2re de Guvern, au fost\u00a0modificate\u00a0Normele\u00a0metodologice pentru aplicarea Legii nr. 269\/2004 privind acordarea unui ajutor financiar \u00een vederea stimul\u0103rii achizi\u021bion\u0103rii de calculatoare, aprobate prin Hot\u0103r\u00e2rea Guvernului nr. 1.294\/2004.<\/p>\n\n\n\n<p><a href=\"https:\/\/www.edu.ro\/sites\/default\/files\/OM_4138-2024.pdf\" target=\"_blank\" rel=\"noreferrer noopener\"><strong>Calendar\u00a0<em>Euro 200<\/em>\u00a0\u00een anul\u00a02024<\/strong><\/a>\u00a0(aprobat prin ordinul nr. 4.138\/2024)<\/p>\n\n\n\n<p>Mai multe detalii la adresa <a href=\"https:\/\/www.edu.ro\/euro-200\">https:\/\/www.edu.ro\/euro-200<\/a><\/p>\n","protected":false},"excerpt":{"rendered":"<p>Ministerul Educa\u021biei deruleaz\u0103 Programul\u00a0\u201eEuro 200\u201d\u00a0\u00eencep\u00e2nd cu anul 2004, \u00een baza Legii nr. 269\/2004, obiectivele sale fiind\u00a0stimularea achizi\u021bion\u0103rii de computere prin acordarea unor ajutoare financiare stabilite pe criterii sociale, respectiv\u00a0dezvoltarea competen\u021belor de\u00a0utilizare a mijloacelor IT &amp; C. \u00cen anul 2023, prin <a href=\"https:\/\/csantipa.ro\/new\/program-euro200\/\" class=\"read-more\">Read More &#8230;<\/a><\/p>\n","protected":false},"author":1,"featured_media":0,"parent":0,"menu_order":0,"comment_status":"closed","ping_status":"closed","template":"","meta":{"footnotes":""},"class_list":["post-460","page","type-page","status-publish","hentry"],"_links":{"self":[{"href":"https:\/\/csantipa.ro\/new\/wp-json\/wp\/v2\/pages\/460","targetHints":{"allow":["GET"]}}],"collection":[{"href":"https:\/\/csantipa.ro\/new\/wp-json\/wp\/v2\/pages"}],"about":[{"href":"https:\/\/csantipa.ro\/new\/wp-json\/wp\/v2\/types\/page"}],"author":[{"embeddable":true,"href":"https:\/\/csantipa.ro\/new\/wp-json\/wp\/v2\/users\/1"}],"replies":[{"embeddable":true,"href":"https:\/\/csantipa.ro\/new\/wp-json\/wp\/v2\/comments?post=460"}],"version-history":[{"count":3,"href":"https:\/\/csantipa.ro\/new\/wp-json\/wp\/v2\/pages\/460\/revisions"}],"predecessor-version":[{"id":807,"href":"https:\/\/csantipa.ro\/new\/wp-json\/wp\/v2\/pages\/460\/revisions\/807"}],"wp:attachment":[{"href":"https:\/\/csantipa.ro\/new\/wp-json\/wp\/v2\/media?parent=460"}],"curies":[{"name":"wp","href":"https:\/\/api.w.org\/{rel}","templated":true}]}}