{"id":46,"date":"2023-08-02T10:55:08","date_gmt":"2023-08-02T08:55:08","guid":{"rendered":"https:\/\/csantipa.ro\/new\/?page_id=46"},"modified":"2026-04-30T11:52:42","modified_gmt":"2026-04-30T09:52:42","slug":"admitere-postliceala","status":"publish","type":"page","link":"https:\/\/csantipa.ro\/new\/examene\/admitere-postliceala\/","title":{"rendered":"Admitere postliceala 2026-2027"},"content":{"rendered":"\n<p><strong>Calificarea: <\/strong><em>Asistent medical generalist<\/em><\/p>\n\n\n\n<p><strong>OFERTA EDUCA\u021aIONAL\u0102: 2026-2027<\/strong><\/p>\n\n\n\n<ul class=\"wp-block-list\">\n<li>2 clase f\u0103r\u0103 tax\u0103 ( 56 locuri)<\/li>\n\n\n\n<li>1 clas\u0103 cu tax\u0103 ( 28 locuri)<\/li>\n<\/ul>\n\n\n\n<p><strong>Perioada de \u00eenscriere:<\/strong> <em>1.07 2026 \u2013 02.09.202<\/em>6<br><strong>Program \u00eenscrieri la secretariatul colegiului:<\/strong> <em>Luni \u2013 Vineri ( \u00eentre orele 10<sup>00<\/sup>\u2013 14<sup>00<\/sup>)<\/em><\/p>\n\n\n\n<p><strong>ATENTIE!<\/strong> In luna <strong>august <\/strong>\u00eenscrierile se fac numai <strong>luni, mar\u021bi \u0219i miercuri<\/strong> intre orele <em><strong>10<sup>00<\/sup>\u2013 12<sup>00<\/sup><\/strong><\/em><\/p>\n\n\n\n<p><\/p>\n\n\n\n<p><em>Concursul de admitere (gril\u0103) la \u0219coala postliceal\u0103 sanitar\u0103 va avea loc la sediul colegiului<\/em>, <strong>joi, 3 sept 2026<\/strong> \u00eencep\u00e2nd cu <strong>ora 9<sup>00<\/sup><\/strong>. <em>Accesul candida\u021bilor in s\u0103li<\/em> este permis in intervalul orar <strong>8<sup>00<\/sup> \u2013 8<sup>30<\/sup><\/strong><\/p>\n\n\n\n<p><\/p>\n\n\n\n<p><strong>Bibliografie: <\/strong><em>manual Biologie cls a XI a, Ed.Corint, autori: Dan Cristescu, Carmen S\u0103l\u0103v\u0103stru, Bogdan Voiculescu, Cezar Niculescu, Radu C\u00e2rmaciu<\/em><\/p>\n\n\n\n<hr class=\"wp-block-separator has-alpha-channel-opacity\"\/>\n\n\n\n<p><strong>Documente necesare la dosarul de \u00eenscriere:<\/strong><\/p>\n\n\n\n<ul class=\"wp-block-list\">\n<li>Dosar plic<\/li>\n\n\n\n<li><a href=\"https:\/\/csantipa.ro\/new\/wp-content\/uploads\/2026\/04\/cerere-inscriere-PL.pdf\" data-type=\"link\" data-id=\"https:\/\/csantipa.ro\/new\/wp-content\/uploads\/2026\/04\/cerere-inscriere-PL.pdf\" target=\"_blank\" rel=\"noreferrer noopener\">Cerere de \u00eenscriere (de la secretariat \/ apas\u0103 aici)<\/a><\/li>\n\n\n\n<li>Certificate de na\u0219tere (original \u0219i copie)<\/li>\n\n\n\n<li>Certificate de c\u0103s\u0103torie (original \u0219i copie) &#8211; dac\u0103 este cazul<\/li>\n\n\n\n<li>Carte de identitate (original \u0219i copie)<\/li>\n\n\n\n<li>Diploma de Bacalaureat-original\u0103 &#8211; dac\u0103 este cazul<\/li>\n\n\n\n<li>Foaie matricol\u0103-original &#8211; dac\u0103 este cazul<\/li>\n\n\n\n<li>Adeverin\u021b\u0103 medical de la <em>medical de familie<\/em> &#8211; cu men\u021biunea : <strong>\u201ePentru \u0218coala Postliceal\u0103 Sanitar\u0103<strong>&#8211; calificarea asistent medical generalist<\/strong>\u201d<\/strong><\/li>\n\n\n\n<li>Adeverin\u021b\u0103 medical\u0103 de la <em>Cabinet Medic Psihiatru,-<\/em> cu men\u021biunea:<strong>\u201ePentru \u0218coala Postliceal\u0103 Sanitar\u0103- calificarea asistent medical generalist\u201d<\/strong><\/li>\n<\/ul>\n\n\n\n<hr class=\"wp-block-separator has-alpha-channel-opacity\"\/>\n\n\n\n<hr class=\"wp-block-separator has-alpha-channel-opacity\"\/>\n\n\n\n<p><strong>Not\u0103: <\/strong><\/p>\n\n\n\n<ul class=\"wp-block-list\">\n<li>Cursan\u021bii vor dob\u00e2ndi competen\u021be conform standardelor de preg\u0103tire<br>europene pentru calificarea asistent medical generalist.<\/li>\n\n\n\n<li>\u00censcrieri cu \/ f\u0103r\u0103 diplom\u0103 de Bacalaureat, f\u0103r\u0103 limit\u0103 de v\u00e2rst\u0103!<\/li>\n<\/ul>\n","protected":false},"excerpt":{"rendered":"<p>Calificarea: Asistent medical generalist OFERTA EDUCA\u021aIONAL\u0102: 2026-2027 Perioada de \u00eenscriere: 1.07 2026 \u2013 02.09.2026Program \u00eenscrieri la secretariatul colegiului: Luni \u2013 Vineri ( \u00eentre orele 1000\u2013 1400) ATENTIE! In luna august \u00eenscrierile se fac numai luni, mar\u021bi \u0219i miercuri intre orele <a href=\"https:\/\/csantipa.ro\/new\/examene\/admitere-postliceala\/\" class=\"read-more\">Read More &#8230;<\/a><\/p>\n","protected":false},"author":1,"featured_media":0,"parent":38,"menu_order":7,"comment_status":"closed","ping_status":"closed","template":"","meta":{"footnotes":""},"class_list":["post-46","page","type-page","status-publish","hentry"],"_links":{"self":[{"href":"https:\/\/csantipa.ro\/new\/wp-json\/wp\/v2\/pages\/46","targetHints":{"allow":["GET"]}}],"collection":[{"href":"https:\/\/csantipa.ro\/new\/wp-json\/wp\/v2\/pages"}],"about":[{"href":"https:\/\/csantipa.ro\/new\/wp-json\/wp\/v2\/types\/page"}],"author":[{"embeddable":true,"href":"https:\/\/csantipa.ro\/new\/wp-json\/wp\/v2\/users\/1"}],"replies":[{"embeddable":true,"href":"https:\/\/csantipa.ro\/new\/wp-json\/wp\/v2\/comments?post=46"}],"version-history":[{"count":18,"href":"https:\/\/csantipa.ro\/new\/wp-json\/wp\/v2\/pages\/46\/revisions"}],"predecessor-version":[{"id":1355,"href":"https:\/\/csantipa.ro\/new\/wp-json\/wp\/v2\/pages\/46\/revisions\/1355"}],"up":[{"embeddable":true,"href":"https:\/\/csantipa.ro\/new\/wp-json\/wp\/v2\/pages\/38"}],"wp:attachment":[{"href":"https:\/\/csantipa.ro\/new\/wp-json\/wp\/v2\/media?parent=46"}],"curies":[{"name":"wp","href":"https:\/\/api.w.org\/{rel}","templated":true}]}}