{"id":452,"date":"2023-09-08T15:07:40","date_gmt":"2023-09-08T13:07:40","guid":{"rendered":"https:\/\/csantipa.ro\/new\/?page_id=452"},"modified":"2024-02-23T12:17:52","modified_gmt":"2024-02-23T10:17:52","slug":"r-a-e-i","status":"publish","type":"page","link":"https:\/\/csantipa.ro\/new\/r-a-e-i\/","title":{"rendered":"R.A.E.I."},"content":{"rendered":"\n<p>Raportul anual de evaluare intern\u0103 a calit\u0103\u021bii (RAEI) poate fi consultat mai jos.<\/p>\n\n\n\n<p><\/p>\n\n\n\n<div data-wp-interactive=\"core\/file\" class=\"wp-block-file\"><object data-wp-bind--hidden=\"!state.hasPdfPreview\" hidden class=\"wp-block-file__embed\" data=\"https:\/\/csantipa.ro\/new\/wp-content\/uploads\/2024\/02\/RAEI2223.pdf\" type=\"application\/pdf\" style=\"width:100%;height:600px\" aria-label=\"\u00cenglobare pentru Raportul anual de evaluare intern\u0103 a calit\u0103\u021bii 2022-2023.\"><\/object><a id=\"wp-block-file--media-b89de79b-b250-4d07-aafa-7d67350bc43f\" href=\"https:\/\/csantipa.ro\/new\/wp-content\/uploads\/2024\/02\/RAEI2223.pdf\">Raportul anual de evaluare intern\u0103 a calit\u0103\u021bii 2022-2023<\/a><a href=\"https:\/\/csantipa.ro\/new\/wp-content\/uploads\/2024\/02\/RAEI2223.pdf\" class=\"wp-block-file__button wp-element-button\" download aria-describedby=\"wp-block-file--media-b89de79b-b250-4d07-aafa-7d67350bc43f\">Descarc\u0103<\/a><\/div>\n","protected":false},"excerpt":{"rendered":"<p>Raportul anual de evaluare intern\u0103 a calit\u0103\u021bii (RAEI) poate fi consultat mai jos.<\/p>\n","protected":false},"author":1,"featured_media":0,"parent":0,"menu_order":0,"comment_status":"closed","ping_status":"closed","template":"","meta":{"footnotes":""},"class_list":["post-452","page","type-page","status-publish","hentry"],"_links":{"self":[{"href":"https:\/\/csantipa.ro\/new\/wp-json\/wp\/v2\/pages\/452","targetHints":{"allow":["GET"]}}],"collection":[{"href":"https:\/\/csantipa.ro\/new\/wp-json\/wp\/v2\/pages"}],"about":[{"href":"https:\/\/csantipa.ro\/new\/wp-json\/wp\/v2\/types\/page"}],"author":[{"embeddable":true,"href":"https:\/\/csantipa.ro\/new\/wp-json\/wp\/v2\/users\/1"}],"replies":[{"embeddable":true,"href":"https:\/\/csantipa.ro\/new\/wp-json\/wp\/v2\/comments?post=452"}],"version-history":[{"count":2,"href":"https:\/\/csantipa.ro\/new\/wp-json\/wp\/v2\/pages\/452\/revisions"}],"predecessor-version":[{"id":777,"href":"https:\/\/csantipa.ro\/new\/wp-json\/wp\/v2\/pages\/452\/revisions\/777"}],"wp:attachment":[{"href":"https:\/\/csantipa.ro\/new\/wp-json\/wp\/v2\/media?parent=452"}],"curies":[{"name":"wp","href":"https:\/\/api.w.org\/{rel}","templated":true}]}}