{"id":45,"date":"2023-08-02T10:55:08","date_gmt":"2023-08-02T08:55:08","guid":{"rendered":"https:\/\/csantipa.ro\/new\/?page_id=45"},"modified":"2023-08-18T16:40:56","modified_gmt":"2023-08-18T14:40:56","slug":"certificate-protectia-mediului","status":"publish","type":"page","link":"https:\/\/csantipa.ro\/new\/examene\/certificate-protectia-mediului\/","title":{"rendered":"Certificate protec\u021bia mediului"},"content":{"rendered":"\n<p>Absolven\u021bii \u00eenv\u0103\u021b\u0103m\u00e2ntului liceal, filiera tehnologic\u0103, care sus\u021bin \u0219i<br>promoveaz\u0103 examenul de certificare ob\u021bin <strong>certificatul de calificare nivel 4,<\/strong> conform<br><em>Cadrului na\u021bional al calific\u0103rilor,<\/em> \u0219i suplimentul descriptiv al certificatului, \u00een<br>format Europass.<\/p>\n\n\n\n<p>La examenul de certificare au dreptul s\u0103 se \u00eenscrie absolven\u021bii \u00eenv\u0103\u021b\u0103m\u00e2ntului<br>liceal, filiera tehnologic\u0103, din promo\u021bia curent\u0103 \u0219i din promo\u021biile anterioare.<\/p>\n\n\n\n<p>\u00cen cadrul colegiului nostru se poate sus\u021bine examenul de certificare pentru <strong>Certificare tehnician ecolog<\/strong><\/p>\n\n\n\n<hr class=\"wp-block-separator has-alpha-channel-opacity\"\/>\n\n\n\n<p><a href=\"https:\/\/csantipa.ro\/new\/wp-content\/uploads\/2023\/08\/OMEN_4434_2014_Metodologie_certificare_nivel-4.pdf\" data-type=\"link\" data-id=\"https:\/\/csantipa.ro\/new\/wp-content\/uploads\/2023\/08\/OMEN_4434_2014_Metodologie_certificare_nivel-4.pdf\">Metodologia de organizare \u0219i desf\u0103\u0219urare a examenului de certificare <\/a>(OMEN nr.4434\/2014)<\/p>\n\n\n\n<p>Ordin privind graficul de desf\u0103\u0219urare (OMEN nr.4796\/2017)<\/p>\n","protected":false},"excerpt":{"rendered":"<p>Absolven\u021bii \u00eenv\u0103\u021b\u0103m\u00e2ntului liceal, filiera tehnologic\u0103, care sus\u021bin \u0219ipromoveaz\u0103 examenul de certificare ob\u021bin certificatul de calificare nivel 4, conformCadrului na\u021bional al calific\u0103rilor, \u0219i suplimentul descriptiv al certificatului, \u00eenformat Europass. La examenul de certificare au dreptul s\u0103 se \u00eenscrie absolven\u021bii \u00eenv\u0103\u021b\u0103m\u00e2ntuluiliceal, filiera <a href=\"https:\/\/csantipa.ro\/new\/examene\/certificate-protectia-mediului\/\" class=\"read-more\">Read More &#8230;<\/a><\/p>\n","protected":false},"author":1,"featured_media":0,"parent":38,"menu_order":6,"comment_status":"closed","ping_status":"closed","template":"","meta":{"footnotes":""},"class_list":["post-45","page","type-page","status-publish","hentry"],"_links":{"self":[{"href":"https:\/\/csantipa.ro\/new\/wp-json\/wp\/v2\/pages\/45","targetHints":{"allow":["GET"]}}],"collection":[{"href":"https:\/\/csantipa.ro\/new\/wp-json\/wp\/v2\/pages"}],"about":[{"href":"https:\/\/csantipa.ro\/new\/wp-json\/wp\/v2\/types\/page"}],"author":[{"embeddable":true,"href":"https:\/\/csantipa.ro\/new\/wp-json\/wp\/v2\/users\/1"}],"replies":[{"embeddable":true,"href":"https:\/\/csantipa.ro\/new\/wp-json\/wp\/v2\/comments?post=45"}],"version-history":[{"count":2,"href":"https:\/\/csantipa.ro\/new\/wp-json\/wp\/v2\/pages\/45\/revisions"}],"predecessor-version":[{"id":347,"href":"https:\/\/csantipa.ro\/new\/wp-json\/wp\/v2\/pages\/45\/revisions\/347"}],"up":[{"embeddable":true,"href":"https:\/\/csantipa.ro\/new\/wp-json\/wp\/v2\/pages\/38"}],"wp:attachment":[{"href":"https:\/\/csantipa.ro\/new\/wp-json\/wp\/v2\/media?parent=45"}],"curies":[{"name":"wp","href":"https:\/\/api.w.org\/{rel}","templated":true}]}}