{"id":44,"date":"2023-08-02T10:55:08","date_gmt":"2023-08-02T08:55:08","guid":{"rendered":"https:\/\/csantipa.ro\/new\/?page_id=44"},"modified":"2023-08-18T16:40:30","modified_gmt":"2023-08-18T14:40:30","slug":"atestat-informatica","status":"publish","type":"page","link":"https:\/\/csantipa.ro\/new\/examene\/atestat-informatica\/","title":{"rendered":"Atestat informatic\u0103"},"content":{"rendered":"\r\n<p><\/p>\r\n\r\n\r\n\r\n<p>Atestatul este un act prin care se confirm\u0103 preg\u0103tirea de specialitate\/profesional\u0103 dob\u00e2ndit\u0103 de absolven\u021bii de liceu, cursuri de zi. El se elibereaz\u0103 absolven\u021bilor claselor de matematic\u0103-informatic\u0103 \u015fi matematic\u0103-informatic\u0103, intensiv informatic\u0103.<\/p>\r\n\r\n\r\n\r\n<p><\/p>\r\n\r\n\r\n\r\n<p>Atestatul se ob\u021bine dup\u0103 sus\u021binerea \u015fi promovarea de c\u0103tre candida\u021bi a unei probe de specialitate. Proba de specialitate const\u0103 \u00een:<\/p>\r\n\r\n\r\n\r\n<ul class=\"wp-block-list\">\r\n<li><strong><em>prob\u0103 practic\u0103: <\/em><\/strong>realizarea practic\u0103 pe calculator a cerin\u021belor din biletul extras \u00een ziuaprobei. Biletul va cuprinde trei subiecte: un subiect privind Sistemele de Gestiune a Bazelor de Date, un subiect de Programare \u0219i un subiect viz\u00e2nd Sisteme de Operare sau abilit\u0103\u021bi de tehnoredactare, calcul tabelar sau prezent\u0103ri PowerPoint;<\/li>\r\n\r\n\r\n\r\n<li><em><strong>proiect:<\/strong><\/em> prezentarea \u015fi motivarea teoretic\u0103 a unui proiect (produs soft) realizat \u00een timpulorelor de laborator, al ultimului an de studiu.<\/li>\r\n<\/ul>\r\n\r\n\r\n\r\n<p><\/p>\r\n\r\n\r\n\r\n<p><a href=\"https:\/\/csantipa.ro\/new\/wp-content\/uploads\/2023\/08\/Metodologie-atestat-informatica.pdf\" target=\"_blank\" rel=\"noreferrer noopener\">Metodologia de organizare \u0219i desf\u0103\u0219urare a a atestatului de informatic\u0103<\/a>.<\/p>\r\n\r\n\r\n\r\n<p>Subiectele propuse pentru examenul de atestat (arhiva zip)<\/p>\r\n\r\n\r\n\r\n<p><\/p>\r\n","protected":false},"excerpt":{"rendered":"<p>Atestatul este un act prin care se confirm\u0103 preg\u0103tirea de specialitate\/profesional\u0103 dob\u00e2ndit\u0103 de absolven\u021bii de liceu, cursuri de zi. El se elibereaz\u0103 absolven\u021bilor claselor de matematic\u0103-informatic\u0103 \u015fi matematic\u0103-informatic\u0103, intensiv informatic\u0103. Atestatul se ob\u021bine dup\u0103 sus\u021binerea \u015fi promovarea de c\u0103tre candida\u021bi <a href=\"https:\/\/csantipa.ro\/new\/examene\/atestat-informatica\/\" class=\"read-more\">Read More &#8230;<\/a><\/p>\n","protected":false},"author":1,"featured_media":0,"parent":38,"menu_order":5,"comment_status":"closed","ping_status":"closed","template":"","meta":{"footnotes":""},"class_list":["post-44","page","type-page","status-publish","hentry"],"_links":{"self":[{"href":"https:\/\/csantipa.ro\/new\/wp-json\/wp\/v2\/pages\/44","targetHints":{"allow":["GET"]}}],"collection":[{"href":"https:\/\/csantipa.ro\/new\/wp-json\/wp\/v2\/pages"}],"about":[{"href":"https:\/\/csantipa.ro\/new\/wp-json\/wp\/v2\/types\/page"}],"author":[{"embeddable":true,"href":"https:\/\/csantipa.ro\/new\/wp-json\/wp\/v2\/users\/1"}],"replies":[{"embeddable":true,"href":"https:\/\/csantipa.ro\/new\/wp-json\/wp\/v2\/comments?post=44"}],"version-history":[{"count":5,"href":"https:\/\/csantipa.ro\/new\/wp-json\/wp\/v2\/pages\/44\/revisions"}],"predecessor-version":[{"id":360,"href":"https:\/\/csantipa.ro\/new\/wp-json\/wp\/v2\/pages\/44\/revisions\/360"}],"up":[{"embeddable":true,"href":"https:\/\/csantipa.ro\/new\/wp-json\/wp\/v2\/pages\/38"}],"wp:attachment":[{"href":"https:\/\/csantipa.ro\/new\/wp-json\/wp\/v2\/media?parent=44"}],"curies":[{"name":"wp","href":"https:\/\/api.w.org\/{rel}","templated":true}]}}