{"id":40,"date":"2023-08-02T10:55:07","date_gmt":"2023-08-02T08:55:07","guid":{"rendered":"https:\/\/csantipa.ro\/new\/?page_id=40"},"modified":"2025-05-09T10:05:19","modified_gmt":"2025-05-09T08:05:19","slug":"evaluare-nationala-cls-a-vi-a","status":"publish","type":"page","link":"https:\/\/csantipa.ro\/new\/examene\/evaluare-nationala-cls-a-vi-a\/","title":{"rendered":"Evaluare na\u021bional\u0103 cls a VI-a"},"content":{"rendered":"\n<p>Testele elaborate pentru Evaluarea elevilor la finalul clasei a VI-a sunt structurate astfel:<br>a) primul test vizeaz\u0103 evaluarea unor competen\u021be din aria curricular\u0103 \u201eLimb\u0103 \u0219i comunicare\u201d;<br>b) al doilea test vizeaz\u0103 evaluarea unor competen\u021be din aria curricular\u0103 \u201eMatematic\u0103 \u0219i \u0218tiin\u021be ale<br>naturii\u201d.<\/p>\n\n\n\n<p>Durata alocat\u0103 rezolv\u0103rii testelor de evaluare este de c\u00e2te 60 de minute pentru fiecare test administrat la Evaluarea elevilor la finalul clasei a VI-a.<\/p>\n\n\n\n<p>Testele de la Evaluarea elevilor la finalul clasei a VI-a se evalueaz\u0103 \u00een cadrul unit\u0103\u021bii de \u00eenv\u0103\u021b\u0103m\u00e2nt, de c\u0103tre cadrele didactice din unitate<\/p>\n\n\n\n<p>Rezultatele individuale ob\u021binute la Evaluarea elevilor la finalul clasei a VI-a nu se afi\u0219eaz\u0103\/nu se comunic\u0103 public \u0219i nu se \u00eenregistreaz\u0103 \u00een catalogul clasei. Aceste rezultate sunt valorificate la nivelul unit\u0103\u021bii de \u00eenv\u0103\u021b\u0103m\u00e2nt prin:<br>a) elaborarea planurilor individualizate de \u00eenv\u0103\u021bare, acolo unde aceasta se impune;<br>b) informarea elevilor i a p\u0103rin\u021bilor\/reprezentan\u021bilor legali ai elevului asupra stadiului form\u0103rii<br>\u0219i dezvolt\u0103rii competen\u021belor evaluate.<\/p>\n\n\n\n<p><a href=\"https:\/\/csantipa.ro\/new\/wp-content\/uploads\/2025\/05\/OME6595-EN6-2024.pdf\" target=\"_blank\" rel=\"noreferrer noopener\">Metodologia pentru Evaluarea elevilor la finalul clase a VI-a \u00een anul \u0219colar 2024\u20142025<\/a><\/p>\n\n\n\n<p><a href=\"http:\/\/subiecte.edu.ro\/2025\/evaluarenationala6\/modeleteste\/\" data-type=\"link\" data-id=\"http:\/\/subiecte2019.edu.ro\/2019\/evaluari246\/evaluarenationala6\/teste\/\" target=\"_blank\" rel=\"noreferrer noopener\">Modele de subiecte pentru Evaluarea elevilor la finalul clasei a VI-a<\/a><\/p>\n\n\n\n<p><\/p>\n","protected":false},"excerpt":{"rendered":"<p>Testele elaborate pentru Evaluarea elevilor la finalul clasei a VI-a sunt structurate astfel:a) primul test vizeaz\u0103 evaluarea unor competen\u021be din aria curricular\u0103 \u201eLimb\u0103 \u0219i comunicare\u201d;b) al doilea test vizeaz\u0103 evaluarea unor competen\u021be din aria curricular\u0103 \u201eMatematic\u0103 \u0219i \u0218tiin\u021be alenaturii\u201d. Durata <a href=\"https:\/\/csantipa.ro\/new\/examene\/evaluare-nationala-cls-a-vi-a\/\" class=\"read-more\">Read More &#8230;<\/a><\/p>\n","protected":false},"author":1,"featured_media":0,"parent":38,"menu_order":1,"comment_status":"closed","ping_status":"closed","template":"","meta":{"footnotes":""},"class_list":["post-40","page","type-page","status-publish","hentry"],"_links":{"self":[{"href":"https:\/\/csantipa.ro\/new\/wp-json\/wp\/v2\/pages\/40","targetHints":{"allow":["GET"]}}],"collection":[{"href":"https:\/\/csantipa.ro\/new\/wp-json\/wp\/v2\/pages"}],"about":[{"href":"https:\/\/csantipa.ro\/new\/wp-json\/wp\/v2\/types\/page"}],"author":[{"embeddable":true,"href":"https:\/\/csantipa.ro\/new\/wp-json\/wp\/v2\/users\/1"}],"replies":[{"embeddable":true,"href":"https:\/\/csantipa.ro\/new\/wp-json\/wp\/v2\/comments?post=40"}],"version-history":[{"count":3,"href":"https:\/\/csantipa.ro\/new\/wp-json\/wp\/v2\/pages\/40\/revisions"}],"predecessor-version":[{"id":988,"href":"https:\/\/csantipa.ro\/new\/wp-json\/wp\/v2\/pages\/40\/revisions\/988"}],"up":[{"embeddable":true,"href":"https:\/\/csantipa.ro\/new\/wp-json\/wp\/v2\/pages\/38"}],"wp:attachment":[{"href":"https:\/\/csantipa.ro\/new\/wp-json\/wp\/v2\/media?parent=40"}],"curies":[{"name":"wp","href":"https:\/\/api.w.org\/{rel}","templated":true}]}}