{"id":39,"date":"2023-08-02T10:55:07","date_gmt":"2023-08-02T08:55:07","guid":{"rendered":"https:\/\/csantipa.ro\/new\/?page_id=39"},"modified":"2026-04-06T11:49:53","modified_gmt":"2026-04-06T09:49:53","slug":"admitere-cls-a-v-a","status":"publish","type":"page","link":"https:\/\/csantipa.ro\/new\/examene\/admitere-cls-a-v-a\/","title":{"rendered":"Admitere gimnaziu (clasa a V-a) 2026-2027"},"content":{"rendered":"\n<p><\/p>\n\n\n\n<p>\u00censcrierea elevilor se va face la Secretariatul Colegiului de \u0218tiin\u021be \u201eGrigore Antipa\u201d Bra\u0219ov p\u0103n\u00e2 \u00een <strong>24.06.202<\/strong>6, ora <strong>15:00<\/strong>.<\/p>\n\n\n\n<p><br><strong>Documente necesare \u00eenscrierii:<\/strong><\/p>\n\n\n\n<ul class=\"wp-block-list\">\n<li>cererea tip semnata olograf de c\u0103tre p\u0103rinte\/tutore legal. Cererea poate fi desc\u0103rcat\u0103 de <strong><a href=\"https:\/\/csantipa.ro\/new\/wp-content\/uploads\/2026\/04\/Cerere-inscriere-testare-cls5.pdf\" data-type=\"link\" data-id=\"https:\/\/csantipa.ro\/new\/wp-content\/uploads\/2025\/03\/cerere-inscriere-V-2526.pdf\" target=\"_blank\" rel=\"noreferrer noopener\">aici<\/a><\/strong>;<\/li>\n\n\n\n<li>copia dupa certificatul de nastere al copilului;.<\/li>\n<\/ul>\n\n\n\n<p><\/p>\n\n\n\n<p><em>Program Secretariat:<\/em> Luni-Vineri , \u00eentre orele : 09.00-15.00<\/p>\n\n\n\n<p>Testarea elevilor pentru admiterea \u00een anul \u0219colar 2026-2027 va avea loc \u00een data de&nbsp;<strong>26 iunie 2026, \u00een intervalul 10:00 \u2013 11:30<\/strong>.&nbsp;<\/p>\n\n\n\n<p>Candida\u021bii vor sus\u021bine o prob\u0103 scris\u0103 (din materia claselor I-IV), cu durata de 90 de minute (45 min. limba \u0219i literatura rom\u00e2n\u0103, 45 min. matematic\u0103, f\u0103r\u0103 pauz\u0103 \u00eentre probe).<br><\/p>\n\n\n\n<p><\/p>\n\n\n\n<p><strong>Accesul candida\u021bilor se va desf\u0103\u0219ura \u00een intervalul 9:00- 9:30.&nbsp;<\/strong><\/p>\n\n\n\n<p>\u00cen anul \u0219colar 2026 \u2013 2027 ciclul gimnazial va avea o clas\u0103 a V-a cu un num\u0103r de <strong>28 elevi<\/strong>.<\/p>\n\n\n\n<p><\/p>\n\n\n\n<p><\/p>\n\n\n\n<p><\/p>\n\n\n\n<p><\/p>\n\n\n\n<p><\/p>\n\n\n\n<figure class=\"wp-block-table tabelbleu tabel45\"><table><thead><tr><th class=\"has-text-align-center\" data-align=\"center\" colspan=\"4\">Arhiva cu subiecte din anii anteriori:<\/th><\/tr><\/thead><tbody><tr><td class=\"has-text-align-center\" data-align=\"center\"><a href=\"https:\/\/csantipa.ro\/new\/wp-content\/uploads\/2024\/02\/SubAdmV_2016.pdf\">2016<\/a><\/td><td class=\"has-text-align-center\" data-align=\"center\"><a href=\"https:\/\/csantipa.ro\/new\/wp-content\/uploads\/2024\/02\/SubAdmV_2017.pdf\">2017<\/a><\/td><td class=\"has-text-align-center\" data-align=\"center\"><a href=\"https:\/\/csantipa.ro\/new\/wp-content\/uploads\/2024\/02\/SubAdmV_2018.pdf\">2018<\/a><\/td><td class=\"has-text-align-center\" data-align=\"center\"><a href=\"https:\/\/csantipa.ro\/new\/wp-content\/uploads\/2024\/02\/SubAdmV_2019.pdf\">2019<\/a><\/td><\/tr><tr><td class=\"has-text-align-center\" data-align=\"center\"><a href=\"https:\/\/csantipa.ro\/new\/wp-content\/uploads\/2024\/02\/SubAdmV_2020.pdf\">2020<\/a><\/td><td class=\"has-text-align-center\" data-align=\"center\"><a href=\"https:\/\/csantipa.ro\/new\/wp-content\/uploads\/2024\/02\/SubAdmV_2021.pdf\">2021<\/a><\/td><td class=\"has-text-align-center\" data-align=\"center\"><a href=\"https:\/\/csantipa.ro\/new\/wp-content\/uploads\/2024\/02\/SubAdmV_2022.pdf\">2022<\/a><\/td><td class=\"has-text-align-center\" data-align=\"center\"><a href=\"https:\/\/csantipa.ro\/new\/wp-content\/uploads\/2024\/02\/SubAdmV_2023.pdf\">2023<\/a><\/td><\/tr><tr><td class=\"has-text-align-center\" data-align=\"center\"><a href=\"https:\/\/csantipa.ro\/new\/wp-content\/uploads\/2024\/06\/SubAdmV_2024.pdf\">2024<\/a><\/td><td class=\"has-text-align-center\" data-align=\"center\"><a href=\"https:\/\/csantipa.ro\/new\/wp-content\/uploads\/2025\/06\/Adm_V_2025.pdf\">2025<\/a><\/td><td class=\"has-text-align-center\" data-align=\"center\"><\/td><td class=\"has-text-align-center\" data-align=\"center\"><\/td><\/tr><\/tbody><\/table><\/figure>\n\n\n\n<p><\/p>\n","protected":false},"excerpt":{"rendered":"<p>\u00censcrierea elevilor se va face la Secretariatul Colegiului de \u0218tiin\u021be \u201eGrigore Antipa\u201d Bra\u0219ov p\u0103n\u00e2 \u00een 24.06.2026, ora 15:00. Documente necesare \u00eenscrierii: Program Secretariat: Luni-Vineri , \u00eentre orele : 09.00-15.00 Testarea elevilor pentru admiterea \u00een anul \u0219colar 2026-2027 va avea loc <a href=\"https:\/\/csantipa.ro\/new\/examene\/admitere-cls-a-v-a\/\" class=\"read-more\">Read More &#8230;<\/a><\/p>\n","protected":false},"author":1,"featured_media":0,"parent":38,"menu_order":0,"comment_status":"closed","ping_status":"closed","template":"","meta":{"footnotes":""},"class_list":["post-39","page","type-page","status-publish","hentry"],"_links":{"self":[{"href":"https:\/\/csantipa.ro\/new\/wp-json\/wp\/v2\/pages\/39","targetHints":{"allow":["GET"]}}],"collection":[{"href":"https:\/\/csantipa.ro\/new\/wp-json\/wp\/v2\/pages"}],"about":[{"href":"https:\/\/csantipa.ro\/new\/wp-json\/wp\/v2\/types\/page"}],"author":[{"embeddable":true,"href":"https:\/\/csantipa.ro\/new\/wp-json\/wp\/v2\/users\/1"}],"replies":[{"embeddable":true,"href":"https:\/\/csantipa.ro\/new\/wp-json\/wp\/v2\/comments?post=39"}],"version-history":[{"count":37,"href":"https:\/\/csantipa.ro\/new\/wp-json\/wp\/v2\/pages\/39\/revisions"}],"predecessor-version":[{"id":1349,"href":"https:\/\/csantipa.ro\/new\/wp-json\/wp\/v2\/pages\/39\/revisions\/1349"}],"up":[{"embeddable":true,"href":"https:\/\/csantipa.ro\/new\/wp-json\/wp\/v2\/pages\/38"}],"wp:attachment":[{"href":"https:\/\/csantipa.ro\/new\/wp-json\/wp\/v2\/media?parent=39"}],"curies":[{"name":"wp","href":"https:\/\/api.w.org\/{rel}","templated":true}]}}