{"id":37,"date":"2023-08-02T10:55:07","date_gmt":"2023-08-02T08:55:07","guid":{"rendered":"https:\/\/csantipa.ro\/new\/?page_id=37"},"modified":"2023-08-18T16:39:34","modified_gmt":"2023-08-18T14:39:34","slug":"teatru","status":"publish","type":"page","link":"https:\/\/csantipa.ro\/new\/activitati\/teatru\/","title":{"rendered":"Teatru"},"content":{"rendered":"\n<p>Trupa de teatru &#8222;Amprente&#8221; a fost \u00eentemeiat\u0103 in anul 2002 sub atenta coordonare si \u00eengrijire a doamnei profesoare B\u0103canu Anca.<\/p>\n\n\n\n<p>Festivalul National de Teatru pentru Liceeni &#8222;Amprente&#8221; a fost ini\u021biat din dorin\u021ba de a avea un festival de teatru pentru liceeni \u0219i la Bra\u0219ov, dat fiind talentul si interesul manifestat de liceeni pentru teatru, dar \u0219i faptul c\u0103 \u00een \u021bar\u0103, exist\u0103 trupe de teatru pentru liceeni valoroase, ale c\u0103ror spectacole merit\u0103 aduse \u00een fa\u021ba unui public c\u00e2t mai numeros.<\/p>\n\n\n\n<p><br><a href=\"https:\/\/csantipa.ro\/new\/wp-content\/uploads\/2023\/08\/revamprente2018.pdf\" data-type=\"link\" data-id=\"https:\/\/csantipa.ro\/new\/wp-content\/uploads\/2023\/08\/revamprente2018.pdf\">Revista Festivalul National de Teatru pentru Liceeni &#8222;Amprente&#8221;<\/a><\/p>\n","protected":false},"excerpt":{"rendered":"<p>Trupa de teatru &#8222;Amprente&#8221; a fost \u00eentemeiat\u0103 in anul 2002 sub atenta coordonare si \u00eengrijire a doamnei profesoare B\u0103canu Anca. Festivalul National de Teatru pentru Liceeni &#8222;Amprente&#8221; a fost ini\u021biat din dorin\u021ba de a avea un festival de teatru pentru <a href=\"https:\/\/csantipa.ro\/new\/activitati\/teatru\/\" class=\"read-more\">Read More &#8230;<\/a><\/p>\n","protected":false},"author":1,"featured_media":0,"parent":29,"menu_order":6,"comment_status":"closed","ping_status":"closed","template":"","meta":{"footnotes":""},"class_list":["post-37","page","type-page","status-publish","hentry"],"_links":{"self":[{"href":"https:\/\/csantipa.ro\/new\/wp-json\/wp\/v2\/pages\/37","targetHints":{"allow":["GET"]}}],"collection":[{"href":"https:\/\/csantipa.ro\/new\/wp-json\/wp\/v2\/pages"}],"about":[{"href":"https:\/\/csantipa.ro\/new\/wp-json\/wp\/v2\/types\/page"}],"author":[{"embeddable":true,"href":"https:\/\/csantipa.ro\/new\/wp-json\/wp\/v2\/users\/1"}],"replies":[{"embeddable":true,"href":"https:\/\/csantipa.ro\/new\/wp-json\/wp\/v2\/comments?post=37"}],"version-history":[{"count":2,"href":"https:\/\/csantipa.ro\/new\/wp-json\/wp\/v2\/pages\/37\/revisions"}],"predecessor-version":[{"id":341,"href":"https:\/\/csantipa.ro\/new\/wp-json\/wp\/v2\/pages\/37\/revisions\/341"}],"up":[{"embeddable":true,"href":"https:\/\/csantipa.ro\/new\/wp-json\/wp\/v2\/pages\/29"}],"wp:attachment":[{"href":"https:\/\/csantipa.ro\/new\/wp-json\/wp\/v2\/media?parent=37"}],"curies":[{"name":"wp","href":"https:\/\/api.w.org\/{rel}","templated":true}]}}