{"id":34,"date":"2023-08-02T10:55:06","date_gmt":"2023-08-02T08:55:06","guid":{"rendered":"https:\/\/csantipa.ro\/new\/?page_id=34"},"modified":"2023-09-08T15:10:37","modified_gmt":"2023-09-08T13:10:37","slug":"parteneriate","status":"publish","type":"page","link":"https:\/\/csantipa.ro\/new\/activitati\/parteneriate\/","title":{"rendered":"Proiecte"},"content":{"rendered":"\n<h2 class=\"wp-block-heading\">Proiectul Erasmus+ \u201eMaths is around us\u201d<\/h2>\n\n\n\n<div class=\"wp-block-columns is-layout-flex wp-container-core-columns-is-layout-9d6595d7 wp-block-columns-is-layout-flex\">\n<div class=\"wp-block-column is-layout-flow wp-block-column-is-layout-flow\" style=\"flex-basis:33.33%\">\n<figure class=\"wp-block-image size-full\"><img loading=\"lazy\" decoding=\"async\" width=\"338\" height=\"234\" src=\"https:\/\/csantipa.ro\/new\/wp-content\/uploads\/2023\/08\/miau.jpg\" alt=\"\" class=\"wp-image-295\" srcset=\"https:\/\/csantipa.ro\/new\/wp-content\/uploads\/2023\/08\/miau.jpg 338w, https:\/\/csantipa.ro\/new\/wp-content\/uploads\/2023\/08\/miau-300x208.jpg 300w\" sizes=\"auto, (max-width: 338px) 100vw, 338px\" \/><\/figure>\n<\/div>\n\n\n\n<div class=\"wp-block-column is-layout-flow wp-block-column-is-layout-flow\" style=\"flex-basis:66.66%\">\n<p>Proiectul are ca scop con\u0219tientizarea de c\u0103tre elevi a rolului matematicii \u00een via\u021ba de zi cu zi \u0219i totodat\u0103 explicarea unor no\u021biuni sau fenomene utiliz\u00e2nd interdisciplinaritatea \u0219i transdisciplinaritate. \u00cen acest fel elevii sunt fascina\u021bi \u00een momentul \u00een care descoper\u0103 frumuse\u021bile matematicii \u0219i utilitatea acestei disipline \u00een tot ceea ce ne \u00eenconjoar\u0103.<\/p>\n\n\n\n<p><a href=\"https:\/\/ec.europa.eu\/programmes\/erasmus-plus\/projects\/eplus-project-details\/#project\/2019-1-ES01-KA229-063829\">Rezumatul proiectului<\/a><\/p>\n<\/div>\n<\/div>\n\n\n\n<hr class=\"wp-block-separator has-alpha-channel-opacity is-style-wide\"\/>\n\n\n\n<h2 class=\"wp-block-heading\">Program de formare \u00een cadrul Proiectului Erasmus+ \u201eSpirit european \u00een educa\u021bie\u201d<\/h2>\n\n\n\n<div class=\"wp-block-columns is-layout-flex wp-container-core-columns-is-layout-9d6595d7 wp-block-columns-is-layout-flex\">\n<div class=\"wp-block-column is-layout-flow wp-block-column-is-layout-flow\" style=\"flex-basis:66.66%\">\n<p><\/p>\n\n\n\n<p>Programul de formare, \u201eCreativity in teaching and training &amp; how to use music, art, ICT and outdoor activities in education\u201d, desf\u0103\u0219urat \u00een perioada 23 \u2013 30 septembrie 2017, \u00een Malta, program furnizat de Quarter Mediation.<\/p>\n<\/div>\n\n\n\n<div class=\"wp-block-column is-layout-flow wp-block-column-is-layout-flow\" style=\"flex-basis:33.33%\">\n<figure class=\"wp-block-image size-full is-resized\"><img loading=\"lazy\" decoding=\"async\" src=\"https:\/\/csantipa.ro\/new\/wp-content\/uploads\/2023\/08\/see.jpg\" alt=\"\" class=\"wp-image-296\" style=\"width:209px;height:157px\" width=\"209\" height=\"157\" srcset=\"https:\/\/csantipa.ro\/new\/wp-content\/uploads\/2023\/08\/see.jpg 309w, https:\/\/csantipa.ro\/new\/wp-content\/uploads\/2023\/08\/see-300x225.jpg 300w\" sizes=\"auto, (max-width: 209px) 100vw, 209px\" \/><\/figure>\n<\/div>\n<\/div>\n\n\n\n<hr class=\"wp-block-separator has-alpha-channel-opacity is-style-wide\"\/>\n\n\n\n<h2 class=\"wp-block-heading\">Parteneriat multilateral COMENIUS 2013-2015.<\/h2>\n\n\n\n<div class=\"wp-block-columns is-layout-flex wp-container-core-columns-is-layout-9d6595d7 wp-block-columns-is-layout-flex\">\n<div class=\"wp-block-column is-layout-flow wp-block-column-is-layout-flow\" style=\"flex-basis:33.33%\">\n<figure class=\"wp-block-image size-full is-resized\"><img loading=\"lazy\" decoding=\"async\" src=\"https:\/\/csantipa.ro\/new\/wp-content\/uploads\/2023\/08\/c1315.jpg\" alt=\"\" class=\"wp-image-297\" style=\"width:208px;height:156px\" width=\"208\" height=\"156\" srcset=\"https:\/\/csantipa.ro\/new\/wp-content\/uploads\/2023\/08\/c1315.jpg 960w, https:\/\/csantipa.ro\/new\/wp-content\/uploads\/2023\/08\/c1315-300x225.jpg 300w, https:\/\/csantipa.ro\/new\/wp-content\/uploads\/2023\/08\/c1315-768x576.jpg 768w, https:\/\/csantipa.ro\/new\/wp-content\/uploads\/2023\/08\/c1315-360x270.jpg 360w\" sizes=\"auto, (max-width: 208px) 100vw, 208px\" \/><\/figure>\n<\/div>\n\n\n\n<div class=\"wp-block-column is-layout-flow wp-block-column-is-layout-flow\" style=\"flex-basis:66.66%\">\n<p><\/p>\n\n\n\n<p>Proiectul \u00ee\u015fi propune s\u0103 promoveze cet\u0103\u0163enia activ\u0103 \u00een r\u00e2ndul tinerilor \u015fi s\u0103 identifice c\u00e2teva modalit\u0103\u0163i prin care elevii no\u015ftri se pot implica \u00een via\u0163a societ\u0103\u0163ii.<\/p>\n<\/div>\n<\/div>\n\n\n\n<hr class=\"wp-block-separator has-alpha-channel-opacity is-style-wide\"\/>\n","protected":false},"excerpt":{"rendered":"<p>Proiectul Erasmus+ \u201eMaths is around us\u201d Proiectul are ca scop con\u0219tientizarea de c\u0103tre elevi a rolului matematicii \u00een via\u021ba de zi cu zi \u0219i totodat\u0103 explicarea unor no\u021biuni sau fenomene utiliz\u00e2nd interdisciplinaritatea \u0219i transdisciplinaritate. \u00cen acest fel elevii sunt fascina\u021bi <a href=\"https:\/\/csantipa.ro\/new\/activitati\/parteneriate\/\" class=\"read-more\">Read More &#8230;<\/a><\/p>\n","protected":false},"author":1,"featured_media":0,"parent":29,"menu_order":4,"comment_status":"closed","ping_status":"closed","template":"","meta":{"footnotes":""},"class_list":["post-34","page","type-page","status-publish","hentry"],"_links":{"self":[{"href":"https:\/\/csantipa.ro\/new\/wp-json\/wp\/v2\/pages\/34","targetHints":{"allow":["GET"]}}],"collection":[{"href":"https:\/\/csantipa.ro\/new\/wp-json\/wp\/v2\/pages"}],"about":[{"href":"https:\/\/csantipa.ro\/new\/wp-json\/wp\/v2\/types\/page"}],"author":[{"embeddable":true,"href":"https:\/\/csantipa.ro\/new\/wp-json\/wp\/v2\/users\/1"}],"replies":[{"embeddable":true,"href":"https:\/\/csantipa.ro\/new\/wp-json\/wp\/v2\/comments?post=34"}],"version-history":[{"count":9,"href":"https:\/\/csantipa.ro\/new\/wp-json\/wp\/v2\/pages\/34\/revisions"}],"predecessor-version":[{"id":530,"href":"https:\/\/csantipa.ro\/new\/wp-json\/wp\/v2\/pages\/34\/revisions\/530"}],"up":[{"embeddable":true,"href":"https:\/\/csantipa.ro\/new\/wp-json\/wp\/v2\/pages\/29"}],"wp:attachment":[{"href":"https:\/\/csantipa.ro\/new\/wp-json\/wp\/v2\/media?parent=34"}],"curies":[{"name":"wp","href":"https:\/\/api.w.org\/{rel}","templated":true}]}}