{"id":33,"date":"2023-08-02T10:55:06","date_gmt":"2023-08-02T08:55:06","guid":{"rendered":"https:\/\/csantipa.ro\/new\/?page_id=33"},"modified":"2025-09-01T17:15:39","modified_gmt":"2025-09-01T15:15:39","slug":"saptamana-verde","status":"publish","type":"page","link":"https:\/\/csantipa.ro\/new\/activitati\/saptamana-verde\/","title":{"rendered":"S\u0103pt\u0103m\u00e2na Verde"},"content":{"rendered":"\n<p><\/p>\n\n\n\n<p><\/p>\n\n\n\n<p>Programul \u201eS\u0103pt\u0103m\u00e2na verde\u201d este un program na\u021bional, \u00een acord cu prevederile raportului \u201eEduca\u021bia privind schimb\u0103rile climatice \u0219i mediul \u00een \u0219coli sustenabile\u201d. Acest program are o durat\u0103 de 5 zile consecutive lucr\u0103toare \u00een timpul anului \u0219colar \u0219i se desf\u0103\u0219oar\u0103 \u00een baza unei planific\u0103ri, la decizia fiec\u0103rei unit\u0103\u021bi de \u00eenv\u0103\u021b\u0103m\u00e2nt, conform prevederilor ordinului ministrului educa\u021b1iei privind structura anului \u0219colar, valabil \u00een anul \u0219colar respectiv.<\/p>\n\n\n\n<p>\u00cen cadrul Programului \u201eS\u0103pt\u0103m\u00e2na verde\u201d se realizeaz\u0103 activit\u0103\u021bi educa\u021bionale care contribuie<br>la prevenirea schimb\u0103rilor climatice \u0219i la protejarea mediului. Programul contribuie la dezvoltarea<br>competen\u021belor elevilor de investigare inter-\u015fi transdisciplinar\u0103 a realit\u0103\u0163ii \u00eenconjur\u0103toare \u015fi formarea unor comportamente responsabile fa\u0163\u0103 de mediul \u00eenconjur\u0103tor.<\/p>\n\n\n\n<p><\/p>\n\n\n\n<p>\u00cen anul \u0219colar 2025-2026 programul na\u021bional \u201eS\u0103pt\u0103m\u00e2na verde\u201d se va desf\u0103\u0219ura in perioada <strong>30 mar 2026 &#8211; 3 apr 2026<\/strong>.<\/p>\n\n\n\n<ul class=\"wp-block-list\">\n<li><a href=\"http:\/\/saptamanaverde.edu.ro\/ro\">Platforma cu resurse pentru &#8222;S\u0103pt\u0103m\u00e2na Verde&#8221;<\/a><\/li>\n<\/ul>\n\n\n\n<p><\/p>\n","protected":false},"excerpt":{"rendered":"<p>Programul \u201eS\u0103pt\u0103m\u00e2na verde\u201d este un program na\u021bional, \u00een acord cu prevederile raportului \u201eEduca\u021bia privind schimb\u0103rile climatice \u0219i mediul \u00een \u0219coli sustenabile\u201d. Acest program are o durat\u0103 de 5 zile consecutive lucr\u0103toare \u00een timpul anului \u0219colar \u0219i se desf\u0103\u0219oar\u0103 \u00een baza <a href=\"https:\/\/csantipa.ro\/new\/activitati\/saptamana-verde\/\" class=\"read-more\">Read More &#8230;<\/a><\/p>\n","protected":false},"author":1,"featured_media":0,"parent":29,"menu_order":3,"comment_status":"closed","ping_status":"closed","template":"","meta":{"footnotes":""},"class_list":["post-33","page","type-page","status-publish","hentry"],"_links":{"self":[{"href":"https:\/\/csantipa.ro\/new\/wp-json\/wp\/v2\/pages\/33","targetHints":{"allow":["GET"]}}],"collection":[{"href":"https:\/\/csantipa.ro\/new\/wp-json\/wp\/v2\/pages"}],"about":[{"href":"https:\/\/csantipa.ro\/new\/wp-json\/wp\/v2\/types\/page"}],"author":[{"embeddable":true,"href":"https:\/\/csantipa.ro\/new\/wp-json\/wp\/v2\/users\/1"}],"replies":[{"embeddable":true,"href":"https:\/\/csantipa.ro\/new\/wp-json\/wp\/v2\/comments?post=33"}],"version-history":[{"count":6,"href":"https:\/\/csantipa.ro\/new\/wp-json\/wp\/v2\/pages\/33\/revisions"}],"predecessor-version":[{"id":1103,"href":"https:\/\/csantipa.ro\/new\/wp-json\/wp\/v2\/pages\/33\/revisions\/1103"}],"up":[{"embeddable":true,"href":"https:\/\/csantipa.ro\/new\/wp-json\/wp\/v2\/pages\/29"}],"wp:attachment":[{"href":"https:\/\/csantipa.ro\/new\/wp-json\/wp\/v2\/media?parent=33"}],"curies":[{"name":"wp","href":"https:\/\/api.w.org\/{rel}","templated":true}]}}