{"id":25,"date":"2023-08-02T10:55:05","date_gmt":"2023-08-02T08:55:05","guid":{"rendered":"https:\/\/csantipa.ro\/new\/?page_id=25"},"modified":"2023-11-20T21:51:46","modified_gmt":"2023-11-20T19:51:46","slug":"c-e-a-c","status":"publish","type":"page","link":"https:\/\/csantipa.ro\/new\/despre-scoala\/documente\/c-e-a-c\/","title":{"rendered":"C.E.A.C."},"content":{"rendered":"\n<p>Misiunea Comisiei pentru evaluarea \u0219i asigurarea calit\u0103\u021bii (C.E.A.C.) const\u0103 \u00een elaborarea unei politici educa\u0163ionale ce are drept scop cre\u015fterea calit\u0103\u0163ii, eficien\u0163ei \u015fi echit\u0103\u0163ii \u00een educa\u0163ie, \u00een corelare cu obiectivele strategiei na\u0163ionale \u015fi a standardelor de referin\u0163\u0103, prin dezvoltarea unui sistem de asigurare a calit\u0103\u021bii pentru fiecare form\u0103 \u0219i nivel de educa\u021bie din \u0219coal\u0103.<\/p>\n\n\n\n<p><\/p>\n\n\n\n<p>Rolul C.E.A.C. este:<\/p>\n\n\n\n<ul class=\"wp-block-list\">\n<li>Implementeaz\u0103 sistemul de management al calit\u0103\u021bii \u00een \u0219coal\u0103 ;<\/li>\n\n\n\n<li>Coordoneaz\u0103 aplicarea procedurilor \u0219i activit\u0103\u021bilor de evaluare \u0219i asigurare a calit\u0103\u021bii, conform domeniilor \u0219i criteriilor prev\u0103zute de lege;<\/li>\n\n\n\n<li>Realizeaz\u0103 evaluarea intern\u0103 a \u0219colii, pe baza standardelor de func\u021bionare \u0219i a celor de calitate;<\/li>\n\n\n\n<li>Propune o strategie de \u00eembun\u0103t\u0103\u021bire a calit\u0103\u021bii \u00een unitatea de \u00eenv\u0103\u021b\u0103m\u00e2nt;<\/li>\n\n\n\n<li>Elaboreaz\u0103 anual raportul de evaluare intern\u0103 privind calitatea educa\u021biei, raport ce urmeaz\u0103 a fi adus la cuno\u0219tin\u021b\u0103 tuturor beneficiarilor prin afi\u0219are la avizier sau pe site-ul scolii;<\/li>\n<\/ul>\n\n\n\n<hr class=\"wp-block-separator has-alpha-channel-opacity\"\/>\n\n\n\n<p><a href=\"https:\/\/csantipa.ro\/new\/wp-content\/uploads\/2023\/08\/CEAC_Regulament.pdf\" data-type=\"link\" data-id=\"https:\/\/csantipa.ro\/new\/wp-content\/uploads\/2023\/08\/CEAC_Regulament.pdf\">Regulamentul de func\u021bionare a C.E.A.C.<\/a><\/p>\n\n\n\n<p><a href=\"https:\/\/csantipa.ro\/new\/wp-content\/uploads\/2023\/08\/CEAC_RAEI2018.pdf\" data-type=\"link\" data-id=\"https:\/\/csantipa.ro\/new\/wp-content\/uploads\/2023\/08\/CEAC_RAEI2018.pdf\">Raportul anual de evaluare intern\u0103 a calit\u0103\u021bii (RAEI 2018)<\/a><\/p>\n\n\n\n<p><a href=\"https:\/\/csantipa.ro\/new\/wp-content\/uploads\/2023\/08\/CEAC_Portofoliul.pdf\" data-type=\"link\" data-id=\"https:\/\/csantipa.ro\/new\/wp-content\/uploads\/2023\/08\/CEAC_Portofoliul.pdf\">Portofoliul comisiei<\/a><\/p>\n\n\n\n<p><a href=\"https:\/\/csantipa.ro\/new\/wp-content\/uploads\/2023\/08\/CEAC_PAS2021.pdf\" data-type=\"link\" data-id=\"https:\/\/csantipa.ro\/new\/wp-content\/uploads\/2023\/08\/CEAC_PAS2021.pdf\">Planul de ac\u021biune<\/a>(PAS 2021)<\/p>\n\n\n\n<p>Cuprins proceduri opera\u021bionale<\/p>\n\n\n\n<p>Cuprins chestionare<\/p>\n\n\n\n<p><\/p>\n","protected":false},"excerpt":{"rendered":"<p>Misiunea Comisiei pentru evaluarea \u0219i asigurarea calit\u0103\u021bii (C.E.A.C.) const\u0103 \u00een elaborarea unei politici educa\u0163ionale ce are drept scop cre\u015fterea calit\u0103\u0163ii, eficien\u0163ei \u015fi echit\u0103\u0163ii \u00een educa\u0163ie, \u00een corelare cu obiectivele strategiei na\u0163ionale \u015fi a standardelor de referin\u0163\u0103, prin dezvoltarea unui sistem <a href=\"https:\/\/csantipa.ro\/new\/despre-scoala\/documente\/c-e-a-c\/\" class=\"read-more\">Read More &#8230;<\/a><\/p>\n","protected":false},"author":1,"featured_media":0,"parent":17,"menu_order":1,"comment_status":"closed","ping_status":"closed","template":"","meta":{"footnotes":""},"class_list":["post-25","page","type-page","status-publish","hentry"],"_links":{"self":[{"href":"https:\/\/csantipa.ro\/new\/wp-json\/wp\/v2\/pages\/25","targetHints":{"allow":["GET"]}}],"collection":[{"href":"https:\/\/csantipa.ro\/new\/wp-json\/wp\/v2\/pages"}],"about":[{"href":"https:\/\/csantipa.ro\/new\/wp-json\/wp\/v2\/types\/page"}],"author":[{"embeddable":true,"href":"https:\/\/csantipa.ro\/new\/wp-json\/wp\/v2\/users\/1"}],"replies":[{"embeddable":true,"href":"https:\/\/csantipa.ro\/new\/wp-json\/wp\/v2\/comments?post=25"}],"version-history":[{"count":3,"href":"https:\/\/csantipa.ro\/new\/wp-json\/wp\/v2\/pages\/25\/revisions"}],"predecessor-version":[{"id":697,"href":"https:\/\/csantipa.ro\/new\/wp-json\/wp\/v2\/pages\/25\/revisions\/697"}],"up":[{"embeddable":true,"href":"https:\/\/csantipa.ro\/new\/wp-json\/wp\/v2\/pages\/17"}],"wp:attachment":[{"href":"https:\/\/csantipa.ro\/new\/wp-json\/wp\/v2\/media?parent=25"}],"curies":[{"name":"wp","href":"https:\/\/api.w.org\/{rel}","templated":true}]}}