{"id":20,"date":"2023-08-02T10:55:04","date_gmt":"2023-08-02T08:55:04","guid":{"rendered":"https:\/\/csantipa.ro\/new\/?page_id=20"},"modified":"2024-02-21T10:43:02","modified_gmt":"2024-02-21T08:43:02","slug":"organigrama","status":"publish","type":"page","link":"https:\/\/csantipa.ro\/new\/despre-scoala\/organigrama\/","title":{"rendered":"Organigrama"},"content":{"rendered":"\n<p>\u00cen esen\u021b\u0103, organigrama institu\u021biei este o schem\u0103 \u00een care sunt redate toate detaliile organiz\u0103rii, a subordon\u0103rii \u0219i a leg\u0103turilor dintre departamente, a\u0219a cum a fost conceputa de echipa managerial\u0103.<\/p>\n\n\n\n<p><\/p>\n\n\n\n<div data-wp-interactive=\"core\/file\" class=\"wp-block-file\"><object data-wp-bind--hidden=\"!state.hasPdfPreview\" hidden class=\"wp-block-file__embed\" data=\"https:\/\/csantipa.ro\/new\/wp-content\/uploads\/2024\/02\/Organigrama.pdf\" type=\"application\/pdf\" style=\"width:100%;height:600px\" aria-label=\"\u00cenglobare pentru Organigrama.\"><\/object><a id=\"wp-block-file--media-1217e01e-8606-4d81-9562-ca952d39701b\" href=\"https:\/\/csantipa.ro\/new\/wp-content\/uploads\/2024\/02\/Organigrama.pdf\">Organigrama<\/a><a href=\"https:\/\/csantipa.ro\/new\/wp-content\/uploads\/2024\/02\/Organigrama.pdf\" class=\"wp-block-file__button wp-element-button\" download aria-describedby=\"wp-block-file--media-1217e01e-8606-4d81-9562-ca952d39701b\">Descarc\u0103<\/a><\/div>\n","protected":false},"excerpt":{"rendered":"<p>\u00cen esen\u021b\u0103, organigrama institu\u021biei este o schem\u0103 \u00een care sunt redate toate detaliile organiz\u0103rii, a subordon\u0103rii \u0219i a leg\u0103turilor dintre departamente, a\u0219a cum a fost conceputa de echipa managerial\u0103.<\/p>\n","protected":false},"author":1,"featured_media":0,"parent":10,"menu_order":6,"comment_status":"closed","ping_status":"closed","template":"","meta":{"footnotes":""},"class_list":["post-20","page","type-page","status-publish","hentry"],"_links":{"self":[{"href":"https:\/\/csantipa.ro\/new\/wp-json\/wp\/v2\/pages\/20","targetHints":{"allow":["GET"]}}],"collection":[{"href":"https:\/\/csantipa.ro\/new\/wp-json\/wp\/v2\/pages"}],"about":[{"href":"https:\/\/csantipa.ro\/new\/wp-json\/wp\/v2\/types\/page"}],"author":[{"embeddable":true,"href":"https:\/\/csantipa.ro\/new\/wp-json\/wp\/v2\/users\/1"}],"replies":[{"embeddable":true,"href":"https:\/\/csantipa.ro\/new\/wp-json\/wp\/v2\/comments?post=20"}],"version-history":[{"count":2,"href":"https:\/\/csantipa.ro\/new\/wp-json\/wp\/v2\/pages\/20\/revisions"}],"predecessor-version":[{"id":762,"href":"https:\/\/csantipa.ro\/new\/wp-json\/wp\/v2\/pages\/20\/revisions\/762"}],"up":[{"embeddable":true,"href":"https:\/\/csantipa.ro\/new\/wp-json\/wp\/v2\/pages\/10"}],"wp:attachment":[{"href":"https:\/\/csantipa.ro\/new\/wp-json\/wp\/v2\/media?parent=20"}],"curies":[{"name":"wp","href":"https:\/\/api.w.org\/{rel}","templated":true}]}}