{"id":16,"date":"2023-08-02T10:55:03","date_gmt":"2023-08-02T08:55:03","guid":{"rendered":"https:\/\/csantipa.ro\/new\/?page_id=16"},"modified":"2025-04-24T16:07:21","modified_gmt":"2025-04-24T14:07:21","slug":"oferta-educationala","status":"publish","type":"page","link":"https:\/\/csantipa.ro\/new\/despre-scoala\/oferta-educationala\/","title":{"rendered":"Oferta educa\u021bional\u0103"},"content":{"rendered":"\n<p class=\"has-text-align-center\">Pentru anul \u0219colar 2025-2026 punem la dispozi\u021bia beneficiarilor urm\u0103toarele clase:<\/p>\n\n\n\n<p class=\"has-text-align-center has-dark-blue-color has-text-color\" style=\"font-size:24px\"><strong><em>Ciclul gimnazial<\/em><\/strong><\/p>\n\n\n\n<figure class=\"wp-block-table tabelbleu tabel85\"><table><thead><tr><th class=\"has-text-align-center\" data-align=\"center\">Nivel clasa<\/th><th class=\"has-text-align-center\" data-align=\"center\">Numar clase<\/th><th class=\"has-text-align-center\" data-align=\"center\">Tip \u00eenv\u0103\u021b\u0103m\u00e2nt<\/th><\/tr><\/thead><tbody><tr><td class=\"has-text-align-center\" data-align=\"center\">V<\/td><td class=\"has-text-align-center\" data-align=\"center\">1<\/td><td class=\"has-text-align-center\" data-align=\"center\">gimnazial<\/td><\/tr><tr><td class=\"has-text-align-center\" data-align=\"center\">VI<\/td><td class=\"has-text-align-center\" data-align=\"center\">1<\/td><td class=\"has-text-align-center\" data-align=\"center\">gimnazial<\/td><\/tr><tr><td class=\"has-text-align-center\" data-align=\"center\">VII<\/td><td class=\"has-text-align-center\" data-align=\"center\">1<\/td><td class=\"has-text-align-center\" data-align=\"center\">gimnazial<\/td><\/tr><tr><td class=\"has-text-align-center\" data-align=\"center\">VIII<\/td><td class=\"has-text-align-center\" data-align=\"center\">1<\/td><td class=\"has-text-align-center\" data-align=\"center\">gimnazial<\/td><\/tr><\/tbody><\/table><\/figure>\n\n\n\n<p><\/p>\n\n\n\n<p><\/p>\n\n\n\n<p class=\"has-text-align-center has-dark-blue-color has-text-color\" style=\"font-size:24px\"><strong><em>Ciclul liceal inferior<\/em><\/strong> <\/p>\n\n\n\n<figure class=\"wp-block-table tabelbleu tabel85\"><table><thead><tr><th class=\"has-text-align-center\" data-align=\"center\">Nivel clasa<\/th><th class=\"has-text-align-center\" data-align=\"center\">Numar clase<\/th><th><strong>Filiera\/Domeniu<\/strong><\/th><th class=\"has-text-align-center\" data-align=\"center\"><strong>Profil \/ Calificare<\/strong><\/th><\/tr><\/thead><tbody><tr><td class=\"has-text-align-center\" data-align=\"center\" rowspan=\"4\">IX<\/td><td class=\"has-text-align-center\" data-align=\"center\">1<\/td><td>teoretica<\/td><td class=\"has-text-align-center\" data-align=\"center\">Matematica-Informatic\u0103, intensiv Informatic\u0103<\/td><\/tr><tr><td class=\"has-text-align-center\" data-align=\"center\">1<\/td><td>teoretica<\/td><td class=\"has-text-align-center\" data-align=\"center\">\u0218tiin\u021be ale Naturii, intensiv Englez\u0103<\/td><\/tr><tr><td class=\"has-text-align-center\" data-align=\"center\">1<\/td><td>teoretica<\/td><td class=\"has-text-align-center\" data-align=\"center\">\u0218tiin\u021be ale Naturii<\/td><\/tr><tr><td class=\"has-text-align-center\" data-align=\"center\">1<\/td><td>tehnologica<\/td><td class=\"has-text-align-center\" data-align=\"center\">Resurse naturale si protec\u021bia mediului \/ Tehnician ecolog si protec\u021bia calit\u0103\u021bii mediului<\/td><\/tr><tr><td class=\"has-text-align-center\" data-align=\"center\" rowspan=\"4\">X<\/td><td class=\"has-text-align-center\" data-align=\"center\">1<\/td><td>teoretica<\/td><td class=\"has-text-align-center\" data-align=\"center\">Matematica-Informatic\u0103, intensiv Informatic\u0103<\/td><\/tr><tr><td class=\"has-text-align-center\" data-align=\"center\">1<\/td><td>teoretica<\/td><td class=\"has-text-align-center\" data-align=\"center\">\u0218tiin\u021be ale Naturii, intensiv Englez\u0103<\/td><\/tr><tr><td class=\"has-text-align-center\" data-align=\"center\">1<\/td><td>teoretica<\/td><td class=\"has-text-align-center\" data-align=\"center\">\u0218tiin\u021be ale Naturii<\/td><\/tr><tr><td class=\"has-text-align-center\" data-align=\"center\">1<\/td><td>tehnologica<\/td><td class=\"has-text-align-center\" data-align=\"center\">Resurse naturale si protec\u021bia mediului \/ Tehnician ecolog si protec\u021bia calit\u0103\u021bii mediului<\/td><\/tr><\/tbody><\/table><\/figure>\n\n\n\n<p><\/p>\n\n\n\n<p><\/p>\n\n\n\n<p class=\"has-text-align-center has-dark-blue-color has-text-color\" style=\"font-size:24px\"><strong><em>Ciclul liceal superior<\/em><\/strong> <\/p>\n\n\n\n<figure class=\"wp-block-table tabelbleu tabel85\"><table><thead><tr><th class=\"has-text-align-center\" data-align=\"center\">Nivel clasa<\/th><th class=\"has-text-align-center\" data-align=\"center\">Numar clase<\/th><th><strong>Filiera\/Domeniu<\/strong><\/th><th class=\"has-text-align-center\" data-align=\"center\"><strong>Profil \/ Calificare<\/strong><\/th><\/tr><\/thead><tbody><tr><td class=\"has-text-align-center\" data-align=\"center\" rowspan=\"4\">XI<\/td><td class=\"has-text-align-center\" data-align=\"center\">1<\/td><td>teoretica<\/td><td class=\"has-text-align-center\" data-align=\"center\">Matematica-Informatic\u0103, intensiv Informatic\u0103<\/td><\/tr><tr><td class=\"has-text-align-center\" data-align=\"center\">1<\/td><td>teoretica<\/td><td class=\"has-text-align-center\" data-align=\"center\">\u0218tiin\u021be ale Naturii, intensiv Englez\u0103<\/td><\/tr><tr><td class=\"has-text-align-center\" data-align=\"center\">1<\/td><td>teoretica<\/td><td class=\"has-text-align-center\" data-align=\"center\">\u0218tiin\u021be ale Naturii<\/td><\/tr><tr><td class=\"has-text-align-center\" data-align=\"center\">1<\/td><td>tehnologica<\/td><td class=\"has-text-align-center\" data-align=\"center\">Resurse naturale si protec\u021bia mediului \/ Tehnician ecolog si protec\u021bia calit\u0103\u021bii mediului<\/td><\/tr><tr><td class=\"has-text-align-center\" data-align=\"center\" rowspan=\"4\">XII<\/td><td class=\"has-text-align-center\" data-align=\"center\">1<\/td><td>teoretica<\/td><td class=\"has-text-align-center\" data-align=\"center\">Matematica-Informatic\u0103, intensiv Informatic\u0103<\/td><\/tr><tr><td class=\"has-text-align-center\" data-align=\"center\">1<\/td><td>teoretica<\/td><td class=\"has-text-align-center\" data-align=\"center\">\u0218tiin\u021be ale Naturii, intensiv Englez\u0103<\/td><\/tr><tr><td class=\"has-text-align-center\" data-align=\"center\">1<\/td><td>teoretica<\/td><td class=\"has-text-align-center\" data-align=\"center\">\u0218tiin\u021be ale Naturii<\/td><\/tr><tr><td class=\"has-text-align-center\" data-align=\"center\">1<\/td><td>tehnologica<\/td><td class=\"has-text-align-center\" data-align=\"center\">Resurse naturale si protec\u021bia mediului \/ Tehnician ecolog si protec\u021bia calit\u0103\u021bii mediului<\/td><\/tr><\/tbody><\/table><\/figure>\n\n\n\n<p><\/p>\n","protected":false},"excerpt":{"rendered":"<p>Pentru anul \u0219colar 2025-2026 punem la dispozi\u021bia beneficiarilor urm\u0103toarele clase: Ciclul gimnazial Nivel clasa Numar clase Tip \u00eenv\u0103\u021b\u0103m\u00e2nt V 1 gimnazial VI 1 gimnazial VII 1 gimnazial VIII 1 gimnazial Ciclul liceal inferior Nivel clasa Numar clase Filiera\/Domeniu Profil \/ <a href=\"https:\/\/csantipa.ro\/new\/despre-scoala\/oferta-educationala\/\" class=\"read-more\">Read More &#8230;<\/a><\/p>\n","protected":false},"author":1,"featured_media":0,"parent":10,"menu_order":4,"comment_status":"closed","ping_status":"closed","template":"","meta":{"footnotes":""},"class_list":["post-16","page","type-page","status-publish","hentry"],"_links":{"self":[{"href":"https:\/\/csantipa.ro\/new\/wp-json\/wp\/v2\/pages\/16","targetHints":{"allow":["GET"]}}],"collection":[{"href":"https:\/\/csantipa.ro\/new\/wp-json\/wp\/v2\/pages"}],"about":[{"href":"https:\/\/csantipa.ro\/new\/wp-json\/wp\/v2\/types\/page"}],"author":[{"embeddable":true,"href":"https:\/\/csantipa.ro\/new\/wp-json\/wp\/v2\/users\/1"}],"replies":[{"embeddable":true,"href":"https:\/\/csantipa.ro\/new\/wp-json\/wp\/v2\/comments?post=16"}],"version-history":[{"count":14,"href":"https:\/\/csantipa.ro\/new\/wp-json\/wp\/v2\/pages\/16\/revisions"}],"predecessor-version":[{"id":980,"href":"https:\/\/csantipa.ro\/new\/wp-json\/wp\/v2\/pages\/16\/revisions\/980"}],"up":[{"embeddable":true,"href":"https:\/\/csantipa.ro\/new\/wp-json\/wp\/v2\/pages\/10"}],"wp:attachment":[{"href":"https:\/\/csantipa.ro\/new\/wp-json\/wp\/v2\/media?parent=16"}],"curies":[{"name":"wp","href":"https:\/\/api.w.org\/{rel}","templated":true}]}}