{"id":12,"date":"2023-08-02T10:55:03","date_gmt":"2023-08-02T08:55:03","guid":{"rendered":"https:\/\/csantipa.ro\/new\/?page_id=12"},"modified":"2024-01-12T11:26:19","modified_gmt":"2024-01-12T09:26:19","slug":"baza-materiala","status":"publish","type":"page","link":"https:\/\/csantipa.ro\/new\/despre-scoala\/baza-materiala\/","title":{"rendered":"Baza material\u0103"},"content":{"rendered":"\n<p>Colegiul de \u0218tiin\u021be &#8222;Grigore Antipa&#8221; Bra\u0219ov ofer\u0103 condi\u021bii optime pentru desf\u0103\u0219urarea procesului instructiv-educativ.<\/p>\n\n\n\n<p>Baza material\u0103 a colegiului cuprinde:<\/p>\n\n\n\n<ul class=\"wp-block-list\">\n<li>17 s\u0103li de clas\u0103<\/li>\n\n\n\n<li>2 laboratoare de informatic\u0103 dotate cu 60 de calculatoare<\/li>\n\n\n\n<li>3 laboratoare de fizic\u0103, chimie \u0219i biologie<\/li>\n\n\n\n<li>3 s\u0103li de demonstra\u021bie ce asigur\u0103 instruirea practic\u0103 a elevilor \u0219colii postliceale sanitare<\/li>\n\n\n\n<li>sal\u0103 de conferin\u021b\u0103 (multimedia)<\/li>\n\n\n\n<li>2 cabinete &#8211; asisten\u021b\u0103 psihopedagogic\u0103 \u0219i CEAC<\/li>\n\n\n\n<li>bibliotec\u0103 care cuprinde peste 18000 de volume<\/li>\n\n\n\n<li>sal\u0103 de lectur\u0103<\/li>\n\n\n\n<li>cabinet medical<\/li>\n\n\n\n<li>sal\u0103 \u0219i teren de sport<\/li>\n\n\n\n<li>spa\u021bii auxiliare &#8211; secretariat, contabilitate \u0219i administra\u021bie<\/li>\n\n\n\n<li>internat cu o capacitate de 200 de locuri<\/li>\n\n\n\n<li>corp de cl\u0103dire destinat atelierului mecanic de \u00eentre\u021binere<\/li>\n\n\n\n<li>central\u0103 termic\u0103 proprie<\/li>\n\n\n\n<li>re\u021bea de internet performant\u0103<\/li>\n\n\n\n<li>sistem de sonorizare<\/li>\n\n\n\n<li>sistem de supraveghere video pentru asigurarea siguran\u021bei \u00een perimetrul \u0219colar<\/li>\n<\/ul>\n\n\n\n<p><\/p>\n\n\n\n<p><\/p>\n\n\n\n<hr class=\"wp-block-separator aligncenter has-alpha-channel-opacity has-cool-to-warm-spectrum-gradient-background has-background is-style-wide\"\/>\n\n\n\n<p>Datorita realiz\u0103rii integrale a planurilor de \u0219colarizare, cl\u0103direa Colegiului de \u0218tiin\u021be &#8222;Grigore Antipa&#8221; Bra\u0219ov este func\u021bional\u0103 in propor\u021bie de 100%. Elevii \u00eenva\u021b\u0103 utiliz\u00e2nd 16 s\u0103li de clasa, care au fost renovate, iar cu sprijinul Ministerului Educa\u021biei si Cercet\u0103rii , partenerilor externi si p\u0103rin\u021bilor, au fost dotate cu mobilier, oferind elevilor condi\u021bii bune de studiu.<\/p>\n\n\n\n<hr class=\"wp-block-separator has-alpha-channel-opacity\"\/>\n\n\n\n<p>Din anul 2004, liceul dispune de o centrala termica proprie si performanta, care a rezolvat definitiv problema confortului termic.<\/p>\n\n\n\n<hr class=\"wp-block-separator has-alpha-channel-opacity is-style-wide\"\/>\n\n\n\n<div class=\"wp-block-columns is-layout-flex wp-container-core-columns-is-layout-9d6595d7 wp-block-columns-is-layout-flex\">\n<div class=\"wp-block-column is-layout-flow wp-block-column-is-layout-flow\">\n<figure class=\"wp-block-image size-large\"><img loading=\"lazy\" decoding=\"async\" width=\"1024\" height=\"768\" src=\"https:\/\/csantipa.ro\/new\/wp-content\/uploads\/2023\/08\/LabBio-1024x768.jpg\" alt=\"\" class=\"wp-image-325\" srcset=\"https:\/\/csantipa.ro\/new\/wp-content\/uploads\/2023\/08\/LabBio-1024x768.jpg 1024w, https:\/\/csantipa.ro\/new\/wp-content\/uploads\/2023\/08\/LabBio-300x225.jpg 300w, https:\/\/csantipa.ro\/new\/wp-content\/uploads\/2023\/08\/LabBio-768x576.jpg 768w, https:\/\/csantipa.ro\/new\/wp-content\/uploads\/2023\/08\/LabBio-360x270.jpg 360w, https:\/\/csantipa.ro\/new\/wp-content\/uploads\/2023\/08\/LabBio.jpg 1032w\" sizes=\"auto, (max-width: 1024px) 100vw, 1024px\" \/><\/figure>\n<\/div>\n\n\n\n<div class=\"wp-block-column is-layout-flow wp-block-column-is-layout-flow\">\n<figure class=\"wp-block-image size-large\"><img loading=\"lazy\" decoding=\"async\" width=\"1024\" height=\"768\" src=\"https:\/\/csantipa.ro\/new\/wp-content\/uploads\/2023\/08\/LabInfo-1024x768.jpg\" alt=\"\" class=\"wp-image-326\" srcset=\"https:\/\/csantipa.ro\/new\/wp-content\/uploads\/2023\/08\/LabInfo-1024x768.jpg 1024w, https:\/\/csantipa.ro\/new\/wp-content\/uploads\/2023\/08\/LabInfo-300x225.jpg 300w, https:\/\/csantipa.ro\/new\/wp-content\/uploads\/2023\/08\/LabInfo-768x576.jpg 768w, https:\/\/csantipa.ro\/new\/wp-content\/uploads\/2023\/08\/LabInfo-360x270.jpg 360w, https:\/\/csantipa.ro\/new\/wp-content\/uploads\/2023\/08\/LabInfo.jpg 1032w\" sizes=\"auto, (max-width: 1024px) 100vw, 1024px\" \/><\/figure>\n<\/div>\n\n\n\n<div class=\"wp-block-column is-layout-flow wp-block-column-is-layout-flow\">\n<figure class=\"wp-block-image size-large\"><img loading=\"lazy\" decoding=\"async\" width=\"1024\" height=\"768\" src=\"https:\/\/csantipa.ro\/new\/wp-content\/uploads\/2023\/08\/LabFiz-1024x768.jpg\" alt=\"\" class=\"wp-image-327\" srcset=\"https:\/\/csantipa.ro\/new\/wp-content\/uploads\/2023\/08\/LabFiz-1024x768.jpg 1024w, https:\/\/csantipa.ro\/new\/wp-content\/uploads\/2023\/08\/LabFiz-300x225.jpg 300w, https:\/\/csantipa.ro\/new\/wp-content\/uploads\/2023\/08\/LabFiz-768x576.jpg 768w, https:\/\/csantipa.ro\/new\/wp-content\/uploads\/2023\/08\/LabFiz-360x270.jpg 360w, https:\/\/csantipa.ro\/new\/wp-content\/uploads\/2023\/08\/LabFiz.jpg 1032w\" sizes=\"auto, (max-width: 1024px) 100vw, 1024px\" \/><\/figure>\n<\/div>\n<\/div>\n\n\n\n<hr class=\"wp-block-separator has-alpha-channel-opacity\"\/>\n\n\n\n<hr class=\"wp-block-separator has-alpha-channel-opacity\"\/>\n","protected":false},"excerpt":{"rendered":"<p>Colegiul de \u0218tiin\u021be &#8222;Grigore Antipa&#8221; Bra\u0219ov ofer\u0103 condi\u021bii optime pentru desf\u0103\u0219urarea procesului instructiv-educativ. Baza material\u0103 a colegiului cuprinde: Datorita realiz\u0103rii integrale a planurilor de \u0219colarizare, cl\u0103direa Colegiului de \u0218tiin\u021be &#8222;Grigore Antipa&#8221; Bra\u0219ov este func\u021bional\u0103 in propor\u021bie de 100%. Elevii \u00eenva\u021b\u0103 <a href=\"https:\/\/csantipa.ro\/new\/despre-scoala\/baza-materiala\/\" class=\"read-more\">Read More &#8230;<\/a><\/p>\n","protected":false},"author":1,"featured_media":0,"parent":10,"menu_order":1,"comment_status":"closed","ping_status":"closed","template":"","meta":{"footnotes":""},"class_list":["post-12","page","type-page","status-publish","hentry"],"_links":{"self":[{"href":"https:\/\/csantipa.ro\/new\/wp-json\/wp\/v2\/pages\/12","targetHints":{"allow":["GET"]}}],"collection":[{"href":"https:\/\/csantipa.ro\/new\/wp-json\/wp\/v2\/pages"}],"about":[{"href":"https:\/\/csantipa.ro\/new\/wp-json\/wp\/v2\/types\/page"}],"author":[{"embeddable":true,"href":"https:\/\/csantipa.ro\/new\/wp-json\/wp\/v2\/users\/1"}],"replies":[{"embeddable":true,"href":"https:\/\/csantipa.ro\/new\/wp-json\/wp\/v2\/comments?post=12"}],"version-history":[{"count":6,"href":"https:\/\/csantipa.ro\/new\/wp-json\/wp\/v2\/pages\/12\/revisions"}],"predecessor-version":[{"id":722,"href":"https:\/\/csantipa.ro\/new\/wp-json\/wp\/v2\/pages\/12\/revisions\/722"}],"up":[{"embeddable":true,"href":"https:\/\/csantipa.ro\/new\/wp-json\/wp\/v2\/pages\/10"}],"wp:attachment":[{"href":"https:\/\/csantipa.ro\/new\/wp-json\/wp\/v2\/media?parent=12"}],"curies":[{"name":"wp","href":"https:\/\/api.w.org\/{rel}","templated":true}]}}