{"id":11,"date":"2023-08-02T10:55:02","date_gmt":"2023-08-02T08:55:02","guid":{"rendered":"https:\/\/csantipa.ro\/new\/?page_id=11"},"modified":"2023-08-17T17:08:32","modified_gmt":"2023-08-17T15:08:32","slug":"istoric","status":"publish","type":"page","link":"https:\/\/csantipa.ro\/new\/despre-scoala\/istoric\/","title":{"rendered":"Istoric"},"content":{"rendered":"\n<p><\/p>\n\n\n\n<div class=\"wp-block-columns is-layout-flex wp-container-core-columns-is-layout-9d6595d7 wp-block-columns-is-layout-flex\">\n<div class=\"wp-block-column is-layout-flow wp-block-column-is-layout-flow\">\n<figure class=\"wp-block-image size-large\"><img loading=\"lazy\" decoding=\"async\" width=\"1024\" height=\"768\" src=\"https:\/\/csantipa.ro\/new\/wp-content\/uploads\/2023\/08\/scoala-1024x768.jpg\" alt=\"\" class=\"wp-image-321\" srcset=\"https:\/\/csantipa.ro\/new\/wp-content\/uploads\/2023\/08\/scoala-1024x768.jpg 1024w, https:\/\/csantipa.ro\/new\/wp-content\/uploads\/2023\/08\/scoala-300x225.jpg 300w, https:\/\/csantipa.ro\/new\/wp-content\/uploads\/2023\/08\/scoala-768x576.jpg 768w, https:\/\/csantipa.ro\/new\/wp-content\/uploads\/2023\/08\/scoala-360x270.jpg 360w, https:\/\/csantipa.ro\/new\/wp-content\/uploads\/2023\/08\/scoala.jpg 1032w\" sizes=\"auto, (max-width: 1024px) 100vw, 1024px\" \/><\/figure>\n<\/div>\n\n\n\n<div class=\"wp-block-column is-layout-flow wp-block-column-is-layout-flow\">\n<p class=\"has-text-align-left\">Colegiul de \u015etiin\u0163e &#8222;Grigore Antipa&#8221; Bra\u015fov, situat pe str. Aurelian nr.2, a fost \u00eenfiin\u0163at \u00een anul 1974 ca Grup \u015ecolar Sanitar, func\u0163ion\u00e2nd at\u00e2t cu clase de liceu c\u00e2t si cu clase postliceale, acestea din urm\u0103 fiind desfiintate \u00een anul 1979. \u00cencep\u00e2nd cu anul 1990 s-a re\u00eenfiin\u0163at \u015ecoala Postliceal\u0103 Sanitar\u0103. Din anul 1991 liceul a devenit teoretic cu profil real av\u00e2nd specializ\u0103rile: matematic\u0103 fizic\u0103, fizic\u0103-chimie si chimie-biologie. Av\u00e2nd \u00een vedere noile tendinte ale reformei \u00eenv\u0103t\u0103m\u00e2ntului rom\u00e2nesc \u00eencep\u00e2nd cu anul scolar 1999-2000 profilul liceului s-a diversificat prin introducerea unei noi specializ\u0103ri \u00een domeniul ecologiei, fapt care a determinat modificarea denumirii \u015fcolii \u00een Liceul &#8222;Grigore Antipa&#8221;. Drept recunoa\u015ftere a calit\u0103\u0163ii educa\u0163iei oferite de aceast\u0103 institu\u0163ie, din anul 2008 unitatea \u015fcolar\u0103 poart\u0103 numele de Colegiul de \u015etiin\u0163e &#8222;Grigore Antipa&#8221; Bra\u015fov.<\/p>\n<\/div>\n<\/div>\n\n\n\n<hr class=\"wp-block-separator has-alpha-channel-opacity is-style-wide\"\/>\n\n\n\n<div class=\"wp-block-columns is-layout-flex wp-container-core-columns-is-layout-9d6595d7 wp-block-columns-is-layout-flex\">\n<div class=\"wp-block-column is-layout-flow wp-block-column-is-layout-flow\">\n<p>Grigore Antipa (n. 1867 Boto\u015fani &#8211; d. 1944 Bucure\u015fti), biolog darvinist, zoolog, ihtiolog, ecolog, oceanolog, membru al Academiei Rom\u010ane din 1910. \u00cen timpul studiilor din \u0163ar\u0103 l-a avut coleg pe Emil Racovi\u0163\u0103 \u015fi profesori pe Petru Poni, Alexandru Xenopol \u015fi Grigore Cob\u0103lcescu. \u015fi-a des\u0103v\u00e2r\u015fit studiile \u00een Germania , av\u00e2nd drept profesor pe Ernst Haeckel (cel care a pus bazele ecologiei). \u00een perioada cercet\u0103rilor sale \u015ftiin\u0163ifice din Fran\u0163a \u015fi Italia a descoperit o nou\u0103 specie de meduz\u0103 fix\u0103 (Capria sturdzii) S-a consacrat studierii Dun\u0103rii \u015fi M\u0103rii Negre, particip\u00e2nd \u00een 1893 la o expedi\u0163ie \u00een jurul acestei m\u0103ri care a durat nou\u0103 luni. Cu aceast\u0103 ocazie a \u00eentreprins primele cercet\u0103ri de biologie marin\u0103. Cele mai semnificative rezultate au fost ob\u0163inute \u00een domeniul hidrobiologiei, el fiind considerat ca un precursor, \u00een acest domeniu. A \u00eenfiin\u0163at \u00een 1932 Institutul Biooceanografic din Constan\u0163a, cu cele dou\u0103 rezerva\u0163ii \u015fi sta\u0163iuni de cercet\u0103ri, cea de la Agigea \u015fi cea de la capul Caliacra. A pus la cale, cu sprijinul regilor Carol I \u015fi Ferdinand, un plan de exploatare ra\u0163ional\u0103 a pesc\u0103riilor din lunca \u015fi delta Dun\u0103rii, \u015fi de la limane. Conform principiilor ecologice ale lui Haeckel, acest plan a dublat \u00een zece ani produc\u0163ia de pe\u015fte \u015fi de icre negre, f\u0103r\u0103 s\u0103 distrug\u0103 mediile \u015fi \u00eendeosebi locurile de \u00eenmul\u0163ire ale pe\u015ftilor. A fost director al Muzeului Na\u0163ional de Istorie Natural\u0103 (1892 &#8211; 1944) care \u00eei poart\u0103 numele. Principiile \u015fi inova\u0163iile sale muzeologice, privind organizarea acestui muzeu, modul de expunere, aranjamentul \u015fi explicarea colec\u0163iilor, au st\u00e2rnit interesul speciali\u015ftilor str\u0103ini. Numeroase muzee europene \u015fi americane au solicitat sprijinul savantului rom\u00e2n pentru organizarea colec\u0163iilor lor muzeistice.<\/p>\n<\/div>\n\n\n\n<div class=\"wp-block-column is-layout-flow wp-block-column-is-layout-flow\">\n<figure class=\"wp-block-image size-full is-resized\"><img loading=\"lazy\" decoding=\"async\" src=\"https:\/\/csantipa.ro\/new\/wp-content\/uploads\/2023\/08\/grigoreantipa.png\" alt=\"\" class=\"wp-image-322\" style=\"width:402px;height:536px\" width=\"402\" height=\"536\" srcset=\"https:\/\/csantipa.ro\/new\/wp-content\/uploads\/2023\/08\/grigoreantipa.png 600w, https:\/\/csantipa.ro\/new\/wp-content\/uploads\/2023\/08\/grigoreantipa-225x300.png 225w, https:\/\/csantipa.ro\/new\/wp-content\/uploads\/2023\/08\/grigoreantipa-203x270.png 203w\" sizes=\"auto, (max-width: 402px) 100vw, 402px\" \/><\/figure>\n<\/div>\n<\/div>\n","protected":false},"excerpt":{"rendered":"<p>Colegiul de \u015etiin\u0163e &#8222;Grigore Antipa&#8221; Bra\u015fov, situat pe str. Aurelian nr.2, a fost \u00eenfiin\u0163at \u00een anul 1974 ca Grup \u015ecolar Sanitar, func\u0163ion\u00e2nd at\u00e2t cu clase de liceu c\u00e2t si cu clase postliceale, acestea din urm\u0103 fiind desfiintate \u00een anul 1979. <a href=\"https:\/\/csantipa.ro\/new\/despre-scoala\/istoric\/\" class=\"read-more\">Read More &#8230;<\/a><\/p>\n","protected":false},"author":1,"featured_media":0,"parent":10,"menu_order":0,"comment_status":"closed","ping_status":"closed","template":"","meta":{"footnotes":""},"class_list":["post-11","page","type-page","status-publish","hentry"],"_links":{"self":[{"href":"https:\/\/csantipa.ro\/new\/wp-json\/wp\/v2\/pages\/11","targetHints":{"allow":["GET"]}}],"collection":[{"href":"https:\/\/csantipa.ro\/new\/wp-json\/wp\/v2\/pages"}],"about":[{"href":"https:\/\/csantipa.ro\/new\/wp-json\/wp\/v2\/types\/page"}],"author":[{"embeddable":true,"href":"https:\/\/csantipa.ro\/new\/wp-json\/wp\/v2\/users\/1"}],"replies":[{"embeddable":true,"href":"https:\/\/csantipa.ro\/new\/wp-json\/wp\/v2\/comments?post=11"}],"version-history":[{"count":2,"href":"https:\/\/csantipa.ro\/new\/wp-json\/wp\/v2\/pages\/11\/revisions"}],"predecessor-version":[{"id":323,"href":"https:\/\/csantipa.ro\/new\/wp-json\/wp\/v2\/pages\/11\/revisions\/323"}],"up":[{"embeddable":true,"href":"https:\/\/csantipa.ro\/new\/wp-json\/wp\/v2\/pages\/10"}],"wp:attachment":[{"href":"https:\/\/csantipa.ro\/new\/wp-json\/wp\/v2\/media?parent=11"}],"curies":[{"name":"wp","href":"https:\/\/api.w.org\/{rel}","templated":true}]}}